{"id":30964,"date":"2024-06-03T17:26:19","date_gmt":"2024-06-03T17:26:19","guid":{"rendered":"https:\/\/sirocotours.com\/atividades\/"},"modified":"2026-03-27T13:22:09","modified_gmt":"2026-03-27T13:22:09","slug":"https-sirocotours-com-da-https-sirocotours-com-da-atividades","status":"publish","type":"page","link":"https:\/\/sirocotours.com\/da\/https-sirocotours-com-da-https-sirocotours-com-da-atividades\/","title":{"rendered":"Aktiviteter"},"content":{"rendered":"<section class=\"wpb-content-wrapper\"><p>[vc_row wrap_container=&#8221;yes&#8221; css=&#8221;.vc_custom_1718382766228{padding-top: 70px !important;padding-bottom: 40px !important;}&#8221; conditional_render=&#8221;%5B%7B%22value_role%22%3A%22administrator%22%7D%5D&#8221;][vc_column][vc_custom_heading text=&#8221;Berig din rejse ved at tilf\u00f8je aktiviteter og oplevelser&#8221; font_container=&#8221;tag:h3|text_align:center&#8221; use_theme_fonts=&#8221;yes&#8221;][\/vc_column][vc_column width=&#8221;1\/12&#8243; css=&#8221;.vc_custom_1718382727473{padding-top: 84px !important;}&#8221; conditional_render=&#8221;%5B%7B%22value_role%22%3A%22administrator%22%7D%5D&#8221;][\/vc_column][vc_column width=&#8221;5\/6&#8243; conditional_render=&#8221;%5B%7B%22value_role%22%3A%22administrator%22%7D%5D&#8221;][vc_column_text]<\/p>\n<p style=\"text-align: center;\">Marokko er en destination fuld af overraskelser, hvor hvert hj\u00f8rne afsl\u00f8rer en ny oplevelse. Udover de traditionelle rejseplaner, s\u00e5som ture gennem de livlige medinaer i Marrakech eller en krydsning af Sahara\u00f8rkenen, tilbyder landet et bredt udvalg af ekstra aktiviteter, der vil g\u00f8re din rejse endnu mere uforglemmelig.<\/p>\n<p style=\"text-align: center;\">Hvad med at tilf\u00f8je et ekstra strejf af eventyr eller afslapning til din rejse? Tjek nogle uundg\u00e5elige muligheder!<\/p>\n<p>[\/vc_column_text][\/vc_column][vc_column width=&#8221;1\/12&#8243; conditional_render=&#8221;%5B%7B%22value_role%22%3A%22administrator%22%7D%5D&#8221;][\/vc_column][\/vc_row][vc_row wrap_container=&#8221;yes&#8221; conditional_render=&#8221;%5B%7B%22value_role%22%3A%22administrator%22%7D%5D&#8221; el_class=&#8221;atividades&#8221;][vc_column conditional_render=&#8221;%5B%7B%22value_role%22%3A%22administrator%22%7D%5D&#8221;]<div id=\"porto-blog-2927\" class=\"porto-blog wpb_content_element   wpb_custom_8ff8fd3f46a5f910a22742b9becc65a8\">\t\t<div class=\"blog-posts posts-grid blog-posts-modern\">\n\t\t\t<div class=\"posts-container row\">\n\t\t\n<article class=\"post post-modern hide-post-date post-title-simple post-30116 post type-post status-publish format-standard has-post-thumbnail hentry category-atividades-da\">\n\t<div class=\"post-image single\">\n\t\t<div class=\"post-slideshow porto-carousel owl-carousel has-ccols ccols-1  nav-inside nav-inside-center nav-style-2 show-nav-hover\" data-plugin-options='{\"nav\":true}'>\n\t\t\t\t\t\t\t\t\t\t\t<a href=\"https:\/\/sirocotours.com\/da\/gnaoua-folkets-traditionelle-musik\/\" aria-label=\"post image\">\n\t\t\t\t\t\t\t\t<div class=\"img-thumbnail\">\n\t\t\t\t\t\t<img decoding=\"async\" width=\"378\" height=\"504\" src=\"https:\/\/sirocotours.com\/wp-content\/uploads\/2025\/05\/gnaoua-peoples-378x504.jpg\" class=\"owl-lazy img-responsive\" alt=\"\" \/>\t\t\t\t\t\t\t\t\t\t\t\t\t<span class=\"zoom\" data-src=\"https:\/\/sirocotours.com\/wp-content\/uploads\/2025\/05\/gnaoua-peoples.jpg\" data-title=\"Screenshot\"><i class=\"fas fa-search\"><\/i><\/span>\n\t\t\t\t\t\t\t\t\t\t\t<\/div>\n\t\t\t\t\t\t\t\t<\/a>\n\t\t\t\t\t\t\t\t<\/div>\n\t\t\n\t\t\t<\/div>\n\t\n\t\n\t<div class=\"post-content\">\n\n\t\t<h2 class=\"entry-title\"><a href=\"https:\/\/sirocotours.com\/da\/gnaoua-folkets-traditionelle-musik\/\">Gnaoua folkets traditionelle musik<\/a><\/h2>\n\t\t<div class=\"post-meta\"><\/div><span class=\"vcard\" style=\"display: none;\"><span class=\"fn\"><a href=\"https:\/\/sirocotours.com\/da\/author\/reservationssirocotours-com\/\" title=\"Indl\u00e6g af Siroco\" rel=\"author\">Siroco<\/a><\/span><\/span><span class=\"updated\" style=\"display:none\">2026-01-26T12:38:15+00:00<\/span><p class=\"post-excerpt\">I den lille landsby Khamlia, beliggende i udkanten af Merzouga, genlyder...<\/p>\t\t\t<\/div>\n\n\t<!-- Post meta after content -->\n\t\n\t<div class=\"clearfix\">\n\t\t\t\t\t\t<a class=\"btn-readmore\" href=\"https:\/\/sirocotours.com\/da\/gnaoua-folkets-traditionelle-musik\/\">Leia mais<\/a>\n\t\t\t\t<\/div>\n<\/article>\n\n<article class=\"post post-modern hide-post-date post-title-simple post-30218 post type-post status-publish format-standard has-post-thumbnail hentry category-atividades-da\">\n\t<div class=\"post-image single\">\n\t\t<div class=\"post-slideshow porto-carousel owl-carousel has-ccols ccols-1  nav-inside nav-inside-center nav-style-2 show-nav-hover\" data-plugin-options='{\"nav\":true}'>\n\t\t\t\t\t\t\t\t\t\t\t<a href=\"https:\/\/sirocotours.com\/da\/en-gaatur-gennem-oasen-i-ziz-dalen\/\" aria-label=\"post image\">\n\t\t\t\t\t\t\t\t<div class=\"img-thumbnail\">\n\t\t\t\t\t\t<img decoding=\"async\" width=\"378\" height=\"504\" src=\"https:\/\/sirocotours.com\/wp-content\/uploads\/2025\/05\/WhatsApp-Image-2025-05-07-at-10.55.39-378x504.jpeg\" class=\"owl-lazy img-responsive\" alt=\"\" \/>\t\t\t\t\t\t\t\t\t\t\t\t\t<span class=\"zoom\" data-src=\"https:\/\/sirocotours.com\/wp-content\/uploads\/2025\/05\/WhatsApp-Image-2025-05-07-at-10.55.39.jpeg\" data-title=\"\"><i class=\"fas fa-search\"><\/i><\/span>\n\t\t\t\t\t\t\t\t\t\t\t<\/div>\n\t\t\t\t\t\t\t\t<\/a>\n\t\t\t\t\t\t\t\t<\/div>\n\t\t\n\t\t\t<\/div>\n\t\n\t\n\t<div class=\"post-content\">\n\n\t\t<h2 class=\"entry-title\"><a href=\"https:\/\/sirocotours.com\/da\/en-gaatur-gennem-oasen-i-ziz-dalen\/\">En g\u00e5tur gennem oasen i Ziz-dalen<\/a><\/h2>\n\t\t<div class=\"post-meta\"><\/div><span class=\"vcard\" style=\"display: none;\"><span class=\"fn\"><a href=\"https:\/\/sirocotours.com\/da\/author\/reservationssirocotours-com\/\" title=\"Indl\u00e6g af Siroco\" rel=\"author\">Siroco<\/a><\/span><\/span><span class=\"updated\" style=\"display:none\">2026-01-27T12:54:18+00:00<\/span><p class=\"post-excerpt\">\r\nTag p\u00e5 en rejse gennem Marokkos st\u00f8rste oase: Den uforglemmelige oplevelse...<\/p>\t\t\t<\/div>\n\n\t<!-- Post meta after content -->\n\t\n\t<div class=\"clearfix\">\n\t\t\t\t\t\t<a class=\"btn-readmore\" href=\"https:\/\/sirocotours.com\/da\/en-gaatur-gennem-oasen-i-ziz-dalen\/\">Leia mais<\/a>\n\t\t\t\t<\/div>\n<\/article>\n\n\t\n\t\t\t<\/div>\n\t\t<\/div>\n\n\t\n\t\t\t\t\n\t<\/div>[\/vc_column][\/vc_row][vc_row full_width=&#8221;stretch_row_content_no_spaces&#8221; conditional_render=&#8221;%5B%7B%22value_role%22%3A%22administrator%22%7D%5D&#8221; css=&#8221;.vc_custom_1718277594278{margin-bottom: 0px !important;padding-bottom: 0px !important;}&#8221; el_class=&#8221;portfolio&#8221;][vc_column][vc_btn title=&#8221;UDFORSK TOURENE&#8221; style=&#8221;outline&#8221; shape=&#8221;rounded&#8221; size=&#8221;xl&#8221; align=&#8221;center&#8221; i_align=&#8221;right&#8221; i_icon_fontawesome=&#8221;fas fa-long-arrow-alt-right&#8221; skin=&#8221;light&#8221; btn_fs=&#8221;15px&#8221; btn_fw=&#8221;500&#8243; btn_ls=&#8221;0&#8243; animation_delay=&#8221;1800&#8243; add_icon=&#8221;true&#8221; link=&#8221;url:https%3A%2F%2Fsirocotours.com%2Fda%2Ftours%2Fdeserto-montanha-mar-oasis-e-cidades-12-dias%2Ftours-marrocos-siroco%2F|&#8221; btn_px=&#8221;37.4px&#8221; btn_py=&#8221;16px&#8221; css=&#8221;.vc_custom_1718383003185{margin-top: 25px !important;}&#8221; el_class=&#8221;botao-branco&#8221;][\/vc_column][\/vc_row]<\/p>\n<\/section>","protected":false},"excerpt":{"rendered":"<p>[vc_row wrap_container=&#8221;yes&#8221; css=&#8221;.vc_custom_1718382766228{padding-top: 70px !important;padding-bottom: 40px !important;}&#8221; conditional_render=&#8221;%5B%7B%22value_role%22%3A%22administrator%22%7D%5D&#8221;][vc_column][vc_custom_heading text=&#8221;Berig din rejse ved at tilf\u00f8je aktiviteter og oplevelser&#8221; font_container=&#8221;tag:h3|text_align:center&#8221; use_theme_fonts=&#8221;yes&#8221;][\/vc_column][vc_column width=&#8221;1\/12&#8243; css=&#8221;.vc_custom_1718382727473{padding-top: 84px !important;}&#8221; conditional_render=&#8221;%5B%7B%22value_role%22%3A%22administrator%22%7D%5D&#8221;][\/vc_column][vc_column width=&#8221;5\/6&#8243; conditional_render=&#8221;%5B%7B%22value_role%22%3A%22administrator%22%7D%5D&#8221;][vc_column_text] Marokko er en destination fuld af overraskelser, hvor hvert hj\u00f8rne afsl\u00f8rer en ny oplevelse. Udover de traditionelle rejseplaner, s\u00e5som ture gennem de livlige medinaer i Marrakech eller en krydsning [&hellip;]<\/p>\n","protected":false},"author":3,"featured_media":0,"parent":0,"menu_order":0,"comment_status":"closed","ping_status":"closed","template":"","meta":{"_acf_changed":false,"_monsterinsights_skip_tracking":false,"_monsterinsights_sitenote_active":false,"_monsterinsights_sitenote_note":"","_monsterinsights_sitenote_category":0,"_uf_show_specific_survey":0,"_uf_disable_surveys":false,"footnotes":""},"class_list":["post-30964","page","type-page","status-publish","hentry"],"acf":[],"yoast_head":"<!-- This site is optimized with the Yoast SEO Premium plugin v23.3 (Yoast SEO v23.7) - https:\/\/yoast.com\/wordpress\/plugins\/seo\/ -->\n<title>Aktiviteter -<\/title>\n<meta name=\"robots\" content=\"index, follow, max-snippet:-1, max-image-preview:large, max-video-preview:-1\" \/>\n<link rel=\"canonical\" href=\"https:\/\/sirocotours.com\/da\/https-sirocotours-com-da-https-sirocotours-com-da-atividades\/\" \/>\n<meta property=\"og:locale\" content=\"da_DK\" \/>\n<meta property=\"og:type\" content=\"article\" \/>\n<meta property=\"og:title\" content=\"Aktiviteter\" \/>\n<meta property=\"og:description\" content=\"[vc_row wrap_container=&#8221;yes&#8221; css=&#8221;.vc_custom_1718382766228{padding-top: 70px !important;padding-bottom: 40px !important;}&#8221; conditional_render=&#8221;%5B%7B%22value_role%22%3A%22administrator%22%7D%5D&#8221;][vc_column][vc_custom_heading text=&#8221;Berig din rejse ved at tilf\u00f8je aktiviteter og oplevelser&#8221; font_container=&#8221;tag:h3|text_align:center&#8221; use_theme_fonts=&#8221;yes&#8221;][\/vc_column][vc_column width=&#8221;1\/12&#8243; css=&#8221;.vc_custom_1718382727473{padding-top: 84px !important;}&#8221; conditional_render=&#8221;%5B%7B%22value_role%22%3A%22administrator%22%7D%5D&#8221;][\/vc_column][vc_column width=&#8221;5\/6&#8243; conditional_render=&#8221;%5B%7B%22value_role%22%3A%22administrator%22%7D%5D&#8221;][vc_column_text] Marokko er en destination fuld af overraskelser, hvor hvert hj\u00f8rne afsl\u00f8rer en ny oplevelse. Udover de traditionelle rejseplaner, s\u00e5som ture gennem de livlige medinaer i Marrakech eller en krydsning [&hellip;]\" \/>\n<meta property=\"og:url\" content=\"https:\/\/sirocotours.com\/da\/https-sirocotours-com-da-https-sirocotours-com-da-atividades\/\" \/>\n<meta property=\"og:site_name\" content=\"Siroco Tours | Tours e Pacotes para Marrocos\" \/>\n<meta property=\"article:modified_time\" content=\"2026-03-27T13:22:09+00:00\" \/>\n<meta name=\"twitter:card\" content=\"summary_large_image\" \/>\n<meta name=\"twitter:label1\" content=\"Estimeret l\u00e6setid\" \/>\n\t<meta name=\"twitter:data1\" content=\"1 minut\" \/>\n<script type=\"application\/ld+json\" class=\"yoast-schema-graph\">{\"@context\":\"https:\/\/schema.org\",\"@graph\":[{\"@type\":\"WebPage\",\"@id\":\"https:\/\/sirocotours.com\/da\/https-sirocotours-com-da-https-sirocotours-com-da-atividades\/\",\"url\":\"https:\/\/sirocotours.com\/da\/https-sirocotours-com-da-https-sirocotours-com-da-atividades\/\",\"name\":\"Aktiviteter -\",\"isPartOf\":{\"@id\":\"https:\/\/sirocotours.com\/#website\"},\"datePublished\":\"2024-06-03T17:26:19+00:00\",\"dateModified\":\"2026-03-27T13:22:09+00:00\",\"breadcrumb\":{\"@id\":\"https:\/\/sirocotours.com\/da\/https-sirocotours-com-da-https-sirocotours-com-da-atividades\/#breadcrumb\"},\"inLanguage\":\"da-DK\",\"potentialAction\":[{\"@type\":\"ReadAction\",\"target\":[\"https:\/\/sirocotours.com\/da\/https-sirocotours-com-da-https-sirocotours-com-da-atividades\/\"]}]},{\"@type\":\"BreadcrumbList\",\"@id\":\"https:\/\/sirocotours.com\/da\/https-sirocotours-com-da-https-sirocotours-com-da-atividades\/#breadcrumb\",\"itemListElement\":[{\"@type\":\"ListItem\",\"position\":1,\"name\":\"In\u00edcio\",\"item\":\"https:\/\/sirocotours.com\/da\/\"},{\"@type\":\"ListItem\",\"position\":2,\"name\":\"Aktiviteter\"}]},{\"@type\":\"WebSite\",\"@id\":\"https:\/\/sirocotours.com\/#website\",\"url\":\"https:\/\/sirocotours.com\/\",\"name\":\"Siroco Tours | Tours e Pacotes para Marrocos\",\"description\":\"Siroco Tours | Tours e Excurs\u00f5es para Marrocos\",\"publisher\":{\"@id\":\"https:\/\/sirocotours.com\/#organization\"},\"potentialAction\":[{\"@type\":\"SearchAction\",\"target\":{\"@type\":\"EntryPoint\",\"urlTemplate\":\"https:\/\/sirocotours.com\/?s={search_term_string}\"},\"query-input\":{\"@type\":\"PropertyValueSpecification\",\"valueRequired\":true,\"valueName\":\"search_term_string\"}}],\"inLanguage\":\"da-DK\"},{\"@type\":\"Organization\",\"@id\":\"https:\/\/sirocotours.com\/#organization\",\"name\":\"Siroco Tours | Tours e Pacotes para Marrocos\",\"url\":\"https:\/\/sirocotours.com\/\",\"logo\":{\"@type\":\"ImageObject\",\"inLanguage\":\"da-DK\",\"@id\":\"https:\/\/sirocotours.com\/#\/schema\/logo\/image\/\",\"url\":\"https:\/\/sirocotours.com\/wp-content\/uploads\/2024\/05\/logotipo.png\",\"contentUrl\":\"https:\/\/sirocotours.com\/wp-content\/uploads\/2024\/05\/logotipo.png\",\"width\":1080,\"height\":393,\"caption\":\"Siroco Tours | Tours e Pacotes para Marrocos\"},\"image\":{\"@id\":\"https:\/\/sirocotours.com\/#\/schema\/logo\/image\/\"}}]}<\/script>\n<!-- \/ Yoast SEO Premium plugin. -->","yoast_head_json":{"title":"Aktiviteter -","robots":{"index":"index","follow":"follow","max-snippet":"max-snippet:-1","max-image-preview":"max-image-preview:large","max-video-preview":"max-video-preview:-1"},"canonical":"https:\/\/sirocotours.com\/da\/https-sirocotours-com-da-https-sirocotours-com-da-atividades\/","og_locale":"da_DK","og_type":"article","og_title":"Aktiviteter","og_description":"[vc_row wrap_container=&#8221;yes&#8221; css=&#8221;.vc_custom_1718382766228{padding-top: 70px !important;padding-bottom: 40px !important;}&#8221; conditional_render=&#8221;%5B%7B%22value_role%22%3A%22administrator%22%7D%5D&#8221;][vc_column][vc_custom_heading text=&#8221;Berig din rejse ved at tilf\u00f8je aktiviteter og oplevelser&#8221; font_container=&#8221;tag:h3|text_align:center&#8221; use_theme_fonts=&#8221;yes&#8221;][\/vc_column][vc_column width=&#8221;1\/12&#8243; css=&#8221;.vc_custom_1718382727473{padding-top: 84px !important;}&#8221; conditional_render=&#8221;%5B%7B%22value_role%22%3A%22administrator%22%7D%5D&#8221;][\/vc_column][vc_column width=&#8221;5\/6&#8243; conditional_render=&#8221;%5B%7B%22value_role%22%3A%22administrator%22%7D%5D&#8221;][vc_column_text] Marokko er en destination fuld af overraskelser, hvor hvert hj\u00f8rne afsl\u00f8rer en ny oplevelse. Udover de traditionelle rejseplaner, s\u00e5som ture gennem de livlige medinaer i Marrakech eller en krydsning [&hellip;]","og_url":"https:\/\/sirocotours.com\/da\/https-sirocotours-com-da-https-sirocotours-com-da-atividades\/","og_site_name":"Siroco Tours | Tours e Pacotes para Marrocos","article_modified_time":"2026-03-27T13:22:09+00:00","twitter_card":"summary_large_image","twitter_misc":{"Estimeret l\u00e6setid":"1 minut"},"schema":{"@context":"https:\/\/schema.org","@graph":[{"@type":"WebPage","@id":"https:\/\/sirocotours.com\/da\/https-sirocotours-com-da-https-sirocotours-com-da-atividades\/","url":"https:\/\/sirocotours.com\/da\/https-sirocotours-com-da-https-sirocotours-com-da-atividades\/","name":"Aktiviteter -","isPartOf":{"@id":"https:\/\/sirocotours.com\/#website"},"datePublished":"2024-06-03T17:26:19+00:00","dateModified":"2026-03-27T13:22:09+00:00","breadcrumb":{"@id":"https:\/\/sirocotours.com\/da\/https-sirocotours-com-da-https-sirocotours-com-da-atividades\/#breadcrumb"},"inLanguage":"da-DK","potentialAction":[{"@type":"ReadAction","target":["https:\/\/sirocotours.com\/da\/https-sirocotours-com-da-https-sirocotours-com-da-atividades\/"]}]},{"@type":"BreadcrumbList","@id":"https:\/\/sirocotours.com\/da\/https-sirocotours-com-da-https-sirocotours-com-da-atividades\/#breadcrumb","itemListElement":[{"@type":"ListItem","position":1,"name":"In\u00edcio","item":"https:\/\/sirocotours.com\/da\/"},{"@type":"ListItem","position":2,"name":"Aktiviteter"}]},{"@type":"WebSite","@id":"https:\/\/sirocotours.com\/#website","url":"https:\/\/sirocotours.com\/","name":"Siroco Tours | Tours e Pacotes para Marrocos","description":"Siroco Tours | Tours e Excurs\u00f5es para Marrocos","publisher":{"@id":"https:\/\/sirocotours.com\/#organization"},"potentialAction":[{"@type":"SearchAction","target":{"@type":"EntryPoint","urlTemplate":"https:\/\/sirocotours.com\/?s={search_term_string}"},"query-input":{"@type":"PropertyValueSpecification","valueRequired":true,"valueName":"search_term_string"}}],"inLanguage":"da-DK"},{"@type":"Organization","@id":"https:\/\/sirocotours.com\/#organization","name":"Siroco Tours | Tours e Pacotes para Marrocos","url":"https:\/\/sirocotours.com\/","logo":{"@type":"ImageObject","inLanguage":"da-DK","@id":"https:\/\/sirocotours.com\/#\/schema\/logo\/image\/","url":"https:\/\/sirocotours.com\/wp-content\/uploads\/2024\/05\/logotipo.png","contentUrl":"https:\/\/sirocotours.com\/wp-content\/uploads\/2024\/05\/logotipo.png","width":1080,"height":393,"caption":"Siroco Tours | Tours e Pacotes para Marrocos"},"image":{"@id":"https:\/\/sirocotours.com\/#\/schema\/logo\/image\/"}}]}},"_links":{"self":[{"href":"https:\/\/sirocotours.com\/da\/wp-json\/wp\/v2\/pages\/30964","targetHints":{"allow":["GET"]}}],"collection":[{"href":"https:\/\/sirocotours.com\/da\/wp-json\/wp\/v2\/pages"}],"about":[{"href":"https:\/\/sirocotours.com\/da\/wp-json\/wp\/v2\/types\/page"}],"author":[{"embeddable":true,"href":"https:\/\/sirocotours.com\/da\/wp-json\/wp\/v2\/users\/3"}],"replies":[{"embeddable":true,"href":"https:\/\/sirocotours.com\/da\/wp-json\/wp\/v2\/comments?post=30964"}],"version-history":[{"count":6,"href":"https:\/\/sirocotours.com\/da\/wp-json\/wp\/v2\/pages\/30964\/revisions"}],"predecessor-version":[{"id":30970,"href":"https:\/\/sirocotours.com\/da\/wp-json\/wp\/v2\/pages\/30964\/revisions\/30970"}],"wp:attachment":[{"href":"https:\/\/sirocotours.com\/da\/wp-json\/wp\/v2\/media?parent=30964"}],"curies":[{"name":"wp","href":"https:\/\/api.w.org\/{rel}","templated":true}]}}