{"id":23482,"date":"2024-06-03T17:26:19","date_gmt":"2024-06-03T17:26:19","guid":{"rendered":"https:\/\/sirocotours.com\/?page_id=23482"},"modified":"2026-03-27T11:46:10","modified_gmt":"2026-03-27T11:46:10","slug":"https-sirocotours-com-de-aktivitaten","status":"publish","type":"page","link":"https:\/\/sirocotours.com\/de\/https-sirocotours-com-de-aktivitaten\/","title":{"rendered":"Aktivit\u00e4ten"},"content":{"rendered":"<section class=\"wpb-content-wrapper\"><p>[vc_row wrap_container=&#8220;yes&#8220; css=&#8220;.vc_custom_1718382766228{padding-top: 70px !important;padding-bottom: 40px !important;}&#8220; conditional_render=&#8220;%5B%7B%22value_role%22%3A%22administrator%22%7D%5D&#8220;][vc_column][vc_custom_heading text=&#8220;Bereichern sie ihre reise, indem sie aktivit\u00e4ten und erlebnisse hinzuf\u00fcgen&#8220; font_container=&#8220;tag:h3|text_align:center&#8220; use_theme_fonts=&#8220;yes&#8220;][\/vc_column][vc_column width=&#8220;1\/12&#8243; css=&#8220;.vc_custom_1718382727473{padding-top: 84px !important;}&#8220; conditional_render=&#8220;%5B%7B%22value_role%22%3A%22administrator%22%7D%5D&#8220;][\/vc_column][vc_column width=&#8220;5\/6&#8243; conditional_render=&#8220;%5B%7B%22value_role%22%3A%22administrator%22%7D%5D&#8220;][vc_column_text]<\/p>\n<p data-start=\"52\" data-end=\"377\">Marokko ist ein Reiseziel voller \u00dcberraschungen, in dem jede Ecke ein neues Erlebnis bereith\u00e4lt. Neben traditionellen Routen, wie F\u00fchrungen durch die lebendigen Medinas von Marrakesch oder der Durchquerung der Sahara, bietet das Land eine breite Palette zus\u00e4tzlicher Aktivit\u00e4ten, die Ihre Reise noch unvergesslicher machen.<\/p>\n<p data-start=\"379\" data-end=\"508\">Wie w\u00e4re es, Ihrer Reise noch eine Prise Abenteuer oder Entspannung hinzuzuf\u00fcgen? Entdecken Sie einige unverzichtbare Optionen!<\/p>\n<p>[\/vc_column_text][\/vc_column][vc_column width=&#8220;1\/12&#8243; conditional_render=&#8220;%5B%7B%22value_role%22%3A%22administrator%22%7D%5D&#8220;][\/vc_column][\/vc_row][vc_row wrap_container=&#8220;yes&#8220; conditional_render=&#8220;%5B%7B%22value_role%22%3A%22administrator%22%7D%5D&#8220; el_class=&#8220;atividades&#8220;][vc_column conditional_render=&#8220;%5B%7B%22value_role%22%3A%22administrator%22%7D%5D&#8220;]<div id=\"porto-blog-4155\" class=\"porto-blog wpb_content_element   wpb_custom_8ff8fd3f46a5f910a22742b9becc65a8\">\t\t<div class=\"blog-posts posts-grid blog-posts-modern\">\n\t\t\t<div class=\"posts-container row\">\n\t\t\n<article class=\"post post-modern hide-post-date post-title-simple post-30119 post type-post status-publish format-standard has-post-thumbnail hentry category-atividades-de\">\n\t<div class=\"post-image single\">\n\t\t<div class=\"post-slideshow porto-carousel owl-carousel has-ccols ccols-1  nav-inside nav-inside-center nav-style-2 show-nav-hover\" data-plugin-options='{\"nav\":true}'>\n\t\t\t\t\t\t\t\t\t\t\t<a href=\"https:\/\/sirocotours.com\/de\/traditionelle-musik-der-gnaoua-voelker\/\" aria-label=\"post image\">\n\t\t\t\t\t\t\t\t<div class=\"img-thumbnail\">\n\t\t\t\t\t\t<img decoding=\"async\" width=\"378\" height=\"504\" src=\"https:\/\/sirocotours.com\/wp-content\/uploads\/2025\/05\/gnaoua-peoples-378x504.jpg\" class=\"owl-lazy img-responsive\" alt=\"\" \/>\t\t\t\t\t\t\t\t\t\t\t\t\t<span class=\"zoom\" data-src=\"https:\/\/sirocotours.com\/wp-content\/uploads\/2025\/05\/gnaoua-peoples.jpg\" data-title=\"Screenshot\"><i class=\"fas fa-search\"><\/i><\/span>\n\t\t\t\t\t\t\t\t\t\t\t<\/div>\n\t\t\t\t\t\t\t\t<\/a>\n\t\t\t\t\t\t\t\t<\/div>\n\t\t\n\t\t\t<\/div>\n\t\n\t\n\t<div class=\"post-content\">\n\n\t\t<h2 class=\"entry-title\"><a href=\"https:\/\/sirocotours.com\/de\/traditionelle-musik-der-gnaoua-voelker\/\">Traditionelle Musik der Gnaoua V\u00f6lker<\/a><\/h2>\n\t\t<div class=\"post-meta\"><\/div><span class=\"vcard\" style=\"display: none;\"><span class=\"fn\"><a href=\"https:\/\/sirocotours.com\/de\/author\/reservationssirocotours-com\/\" title=\"Beitr\u00e4ge von Siroco\" rel=\"author\">Siroco<\/a><\/span><\/span><span class=\"updated\" style=\"display:none\">2026-01-26T12:45:04+00:00<\/span><p class=\"post-excerpt\">Im kleinen Dorf Khamlia, am Rande von Merzouga gelegen, erklingt die...<\/p>\t\t\t<\/div>\n\n\t<!-- Post meta after content -->\n\t\n\t<div class=\"clearfix\">\n\t\t\t\t\t\t<a class=\"btn-readmore\" href=\"https:\/\/sirocotours.com\/de\/traditionelle-musik-der-gnaoua-voelker\/\">Leia mais<\/a>\n\t\t\t\t<\/div>\n<\/article>\n\n<article class=\"post post-modern hide-post-date post-title-simple post-30224 post type-post status-publish format-standard has-post-thumbnail hentry category-atividades-de\">\n\t<div class=\"post-image single\">\n\t\t<div class=\"post-slideshow porto-carousel owl-carousel has-ccols ccols-1  nav-inside nav-inside-center nav-style-2 show-nav-hover\" data-plugin-options='{\"nav\":true}'>\n\t\t\t\t\t\t\t\t\t\t\t<a href=\"https:\/\/sirocotours.com\/de\/ein-spaziergang-durch-die-oase-des-ziz-tals\/\" aria-label=\"post image\">\n\t\t\t\t\t\t\t\t<div class=\"img-thumbnail\">\n\t\t\t\t\t\t<img decoding=\"async\" width=\"378\" height=\"504\" src=\"https:\/\/sirocotours.com\/wp-content\/uploads\/2025\/05\/WhatsApp-Image-2025-05-07-at-10.55.39-378x504.jpeg\" class=\"owl-lazy img-responsive\" alt=\"\" \/>\t\t\t\t\t\t\t\t\t\t\t\t\t<span class=\"zoom\" data-src=\"https:\/\/sirocotours.com\/wp-content\/uploads\/2025\/05\/WhatsApp-Image-2025-05-07-at-10.55.39.jpeg\" data-title=\"\"><i class=\"fas fa-search\"><\/i><\/span>\n\t\t\t\t\t\t\t\t\t\t\t<\/div>\n\t\t\t\t\t\t\t\t<\/a>\n\t\t\t\t\t\t\t\t<\/div>\n\t\t\n\t\t\t<\/div>\n\t\n\t\n\t<div class=\"post-content\">\n\n\t\t<h2 class=\"entry-title\"><a href=\"https:\/\/sirocotours.com\/de\/ein-spaziergang-durch-die-oase-des-ziz-tals\/\">Ein Spaziergang durch die Oase des Ziz-Tals<\/a><\/h2>\n\t\t<div class=\"post-meta\"><\/div><span class=\"vcard\" style=\"display: none;\"><span class=\"fn\"><a href=\"https:\/\/sirocotours.com\/de\/author\/reservationssirocotours-com\/\" title=\"Beitr\u00e4ge von Siroco\" rel=\"author\">Siroco<\/a><\/span><\/span><span class=\"updated\" style=\"display:none\">2026-01-27T12:58:53+00:00<\/span><p class=\"post-excerpt\">\r\nBegeben Sie sich auf eine Reise durch Marokkos gr\u00f6\u00dfte Oase: Das...<\/p>\t\t\t<\/div>\n\n\t<!-- Post meta after content -->\n\t\n\t<div class=\"clearfix\">\n\t\t\t\t\t\t<a class=\"btn-readmore\" href=\"https:\/\/sirocotours.com\/de\/ein-spaziergang-durch-die-oase-des-ziz-tals\/\">Leia mais<\/a>\n\t\t\t\t<\/div>\n<\/article>\n\n\t\n\t\t\t<\/div>\n\t\t<\/div>\n\n\t\n\t\t\t\t\n\t<\/div>[\/vc_column][\/vc_row][vc_row full_width=&#8220;stretch_row_content_no_spaces&#8220; conditional_render=&#8220;%5B%7B%22value_role%22%3A%22administrator%22%7D%5D&#8220; css=&#8220;.vc_custom_1718277594278{margin-bottom: 0px !important;padding-bottom: 0px !important;}&#8220; el_class=&#8220;portfolio&#8220;][vc_column][vc_btn title=&#8220;Touren Entdecken&#8220; style=&#8220;outline&#8220; shape=&#8220;rounded&#8220; size=&#8220;xl&#8220; align=&#8220;center&#8220; i_align=&#8220;right&#8220; i_icon_fontawesome=&#8220;fas fa-long-arrow-alt-right&#8220; skin=&#8220;light&#8220; btn_fs=&#8220;15px&#8220; btn_fw=&#8220;500&#8243; btn_ls=&#8220;0&#8243; animation_delay=&#8220;1800&#8243; add_icon=&#8220;true&#8220; link=&#8220;url:https%3A%2F%2Fsirocotours.com%2Fde%2Ftours-marrocos%2F|title:Tours%20Marrocos%20Siroco&#8220; btn_px=&#8220;37.4px&#8220; btn_py=&#8220;16px&#8220; css=&#8220;.vc_custom_1770113349822{margin-top: 25px !important;}&#8220; el_class=&#8220;botao-branco&#8220;][\/vc_column][\/vc_row][vc_row full_width=&#8220;stretch_row&#8220; wrap_container=&#8220;yes&#8220; conditional_render=&#8220;%5B%7B%22value_role%22%3A%22administrator%22%7D%5D&#8220; css=&#8220;.vc_custom_1721386072436{padding-top: 80px !important;padding-bottom: 40px !important;background-position: center !important;background-repeat: no-repeat !important;background-size: cover !important;}&#8220;][vc_column conditional_render=&#8220;%5B%7B%22value_role%22%3A%22administrator%22%7D%5D&#8220;][\/vc_column][\/vc_row]<\/p>\n<\/section>","protected":false},"excerpt":{"rendered":"<p>[vc_row wrap_container=&#8220;yes&#8220; css=&#8220;.vc_custom_1718382766228{padding-top: 70px !important;padding-bottom: 40px !important;}&#8220; conditional_render=&#8220;%5B%7B%22value_role%22%3A%22administrator%22%7D%5D&#8220;][vc_column][vc_custom_heading text=&#8220;Bereichern sie ihre reise, indem sie aktivit\u00e4ten und erlebnisse hinzuf\u00fcgen&#8220; font_container=&#8220;tag:h3|text_align:center&#8220; use_theme_fonts=&#8220;yes&#8220;][\/vc_column][vc_column width=&#8220;1\/12&#8243; css=&#8220;.vc_custom_1718382727473{padding-top: 84px !important;}&#8220; conditional_render=&#8220;%5B%7B%22value_role%22%3A%22administrator%22%7D%5D&#8220;][\/vc_column][vc_column width=&#8220;5\/6&#8243; conditional_render=&#8220;%5B%7B%22value_role%22%3A%22administrator%22%7D%5D&#8220;][vc_column_text] Marokko ist ein Reiseziel voller \u00dcberraschungen, in dem jede Ecke ein neues Erlebnis bereith\u00e4lt. Neben traditionellen Routen, wie F\u00fchrungen durch die lebendigen Medinas von Marrakesch oder der Durchquerung [&hellip;]<\/p>\n","protected":false},"author":4,"featured_media":0,"parent":0,"menu_order":0,"comment_status":"closed","ping_status":"closed","template":"","meta":{"_acf_changed":false,"_monsterinsights_skip_tracking":false,"_monsterinsights_sitenote_active":false,"_monsterinsights_sitenote_note":"","_monsterinsights_sitenote_category":0,"_uf_show_specific_survey":0,"_uf_disable_surveys":false,"footnotes":""},"class_list":["post-23482","page","type-page","status-publish","hentry"],"acf":[],"yoast_head":"<!-- This site is optimized with the Yoast SEO Premium plugin v23.3 (Yoast SEO v23.7) - https:\/\/yoast.com\/wordpress\/plugins\/seo\/ -->\n<title>Aktivit\u00e4ten -<\/title>\n<meta name=\"description\" content=\"Siroco Tours Activities - From adventure activities to cultural tours, we offer several extra activities to make the most of Morocco&#039;s charms.\" \/>\n<meta name=\"robots\" content=\"index, follow, max-snippet:-1, max-image-preview:large, max-video-preview:-1\" \/>\n<link rel=\"canonical\" href=\"https:\/\/sirocotours.com\/de\/https-sirocotours-com-de-aktivitaten\/\" \/>\n<meta property=\"og:locale\" content=\"de_DE\" \/>\n<meta property=\"og:type\" content=\"article\" \/>\n<meta property=\"og:title\" content=\"Aktivit\u00e4ten\" \/>\n<meta property=\"og:description\" content=\"Siroco Tours Activities - From adventure activities to cultural tours, we offer several extra activities to make the most of Morocco&#039;s charms.\" \/>\n<meta property=\"og:url\" content=\"https:\/\/sirocotours.com\/de\/https-sirocotours-com-de-aktivitaten\/\" \/>\n<meta property=\"og:site_name\" content=\"Siroco Tours | Tours e Pacotes para Marrocos\" \/>\n<meta property=\"article:modified_time\" content=\"2026-03-27T11:46:10+00:00\" \/>\n<meta name=\"twitter:card\" content=\"summary_large_image\" \/>\n<meta name=\"twitter:label1\" content=\"Gesch\u00e4tzte Lesezeit\" \/>\n\t<meta name=\"twitter:data1\" content=\"1\u00a0Minute\" \/>\n<script type=\"application\/ld+json\" class=\"yoast-schema-graph\">{\"@context\":\"https:\/\/schema.org\",\"@graph\":[{\"@type\":\"WebPage\",\"@id\":\"https:\/\/sirocotours.com\/de\/https-sirocotours-com-de-aktivitaten\/\",\"url\":\"https:\/\/sirocotours.com\/de\/https-sirocotours-com-de-aktivitaten\/\",\"name\":\"Aktivit\u00e4ten -\",\"isPartOf\":{\"@id\":\"https:\/\/sirocotours.com\/#website\"},\"datePublished\":\"2024-06-03T17:26:19+00:00\",\"dateModified\":\"2026-03-27T11:46:10+00:00\",\"description\":\"Siroco Tours Activities - From adventure activities to cultural tours, we offer several extra activities to make the most of Morocco's charms.\",\"breadcrumb\":{\"@id\":\"https:\/\/sirocotours.com\/de\/https-sirocotours-com-de-aktivitaten\/#breadcrumb\"},\"inLanguage\":\"de\",\"potentialAction\":[{\"@type\":\"ReadAction\",\"target\":[\"https:\/\/sirocotours.com\/de\/https-sirocotours-com-de-aktivitaten\/\"]}]},{\"@type\":\"BreadcrumbList\",\"@id\":\"https:\/\/sirocotours.com\/de\/https-sirocotours-com-de-aktivitaten\/#breadcrumb\",\"itemListElement\":[{\"@type\":\"ListItem\",\"position\":1,\"name\":\"In\u00edcio\",\"item\":\"https:\/\/sirocotours.com\/de\/\"},{\"@type\":\"ListItem\",\"position\":2,\"name\":\"Aktivit\u00e4ten\"}]},{\"@type\":\"WebSite\",\"@id\":\"https:\/\/sirocotours.com\/#website\",\"url\":\"https:\/\/sirocotours.com\/\",\"name\":\"Siroco Tours | Tours e Pacotes para Marrocos\",\"description\":\"Siroco Tours | Tours e Excurs\u00f5es para Marrocos\",\"publisher\":{\"@id\":\"https:\/\/sirocotours.com\/#organization\"},\"potentialAction\":[{\"@type\":\"SearchAction\",\"target\":{\"@type\":\"EntryPoint\",\"urlTemplate\":\"https:\/\/sirocotours.com\/?s={search_term_string}\"},\"query-input\":{\"@type\":\"PropertyValueSpecification\",\"valueRequired\":true,\"valueName\":\"search_term_string\"}}],\"inLanguage\":\"de\"},{\"@type\":\"Organization\",\"@id\":\"https:\/\/sirocotours.com\/#organization\",\"name\":\"Siroco Tours | Tours e Pacotes para Marrocos\",\"url\":\"https:\/\/sirocotours.com\/\",\"logo\":{\"@type\":\"ImageObject\",\"inLanguage\":\"de\",\"@id\":\"https:\/\/sirocotours.com\/#\/schema\/logo\/image\/\",\"url\":\"https:\/\/sirocotours.com\/wp-content\/uploads\/2024\/05\/logotipo.png\",\"contentUrl\":\"https:\/\/sirocotours.com\/wp-content\/uploads\/2024\/05\/logotipo.png\",\"width\":1080,\"height\":393,\"caption\":\"Siroco Tours | Tours e Pacotes para Marrocos\"},\"image\":{\"@id\":\"https:\/\/sirocotours.com\/#\/schema\/logo\/image\/\"}}]}<\/script>\n<!-- \/ Yoast SEO Premium plugin. -->","yoast_head_json":{"title":"Aktivit\u00e4ten -","description":"Siroco Tours Activities - From adventure activities to cultural tours, we offer several extra activities to make the most of Morocco's charms.","robots":{"index":"index","follow":"follow","max-snippet":"max-snippet:-1","max-image-preview":"max-image-preview:large","max-video-preview":"max-video-preview:-1"},"canonical":"https:\/\/sirocotours.com\/de\/https-sirocotours-com-de-aktivitaten\/","og_locale":"de_DE","og_type":"article","og_title":"Aktivit\u00e4ten","og_description":"Siroco Tours Activities - From adventure activities to cultural tours, we offer several extra activities to make the most of Morocco's charms.","og_url":"https:\/\/sirocotours.com\/de\/https-sirocotours-com-de-aktivitaten\/","og_site_name":"Siroco Tours | Tours e Pacotes para Marrocos","article_modified_time":"2026-03-27T11:46:10+00:00","twitter_card":"summary_large_image","twitter_misc":{"Gesch\u00e4tzte Lesezeit":"1\u00a0Minute"},"schema":{"@context":"https:\/\/schema.org","@graph":[{"@type":"WebPage","@id":"https:\/\/sirocotours.com\/de\/https-sirocotours-com-de-aktivitaten\/","url":"https:\/\/sirocotours.com\/de\/https-sirocotours-com-de-aktivitaten\/","name":"Aktivit\u00e4ten -","isPartOf":{"@id":"https:\/\/sirocotours.com\/#website"},"datePublished":"2024-06-03T17:26:19+00:00","dateModified":"2026-03-27T11:46:10+00:00","description":"Siroco Tours Activities - From adventure activities to cultural tours, we offer several extra activities to make the most of Morocco's charms.","breadcrumb":{"@id":"https:\/\/sirocotours.com\/de\/https-sirocotours-com-de-aktivitaten\/#breadcrumb"},"inLanguage":"de","potentialAction":[{"@type":"ReadAction","target":["https:\/\/sirocotours.com\/de\/https-sirocotours-com-de-aktivitaten\/"]}]},{"@type":"BreadcrumbList","@id":"https:\/\/sirocotours.com\/de\/https-sirocotours-com-de-aktivitaten\/#breadcrumb","itemListElement":[{"@type":"ListItem","position":1,"name":"In\u00edcio","item":"https:\/\/sirocotours.com\/de\/"},{"@type":"ListItem","position":2,"name":"Aktivit\u00e4ten"}]},{"@type":"WebSite","@id":"https:\/\/sirocotours.com\/#website","url":"https:\/\/sirocotours.com\/","name":"Siroco Tours | Tours e Pacotes para Marrocos","description":"Siroco Tours | Tours e Excurs\u00f5es para Marrocos","publisher":{"@id":"https:\/\/sirocotours.com\/#organization"},"potentialAction":[{"@type":"SearchAction","target":{"@type":"EntryPoint","urlTemplate":"https:\/\/sirocotours.com\/?s={search_term_string}"},"query-input":{"@type":"PropertyValueSpecification","valueRequired":true,"valueName":"search_term_string"}}],"inLanguage":"de"},{"@type":"Organization","@id":"https:\/\/sirocotours.com\/#organization","name":"Siroco Tours | Tours e Pacotes para Marrocos","url":"https:\/\/sirocotours.com\/","logo":{"@type":"ImageObject","inLanguage":"de","@id":"https:\/\/sirocotours.com\/#\/schema\/logo\/image\/","url":"https:\/\/sirocotours.com\/wp-content\/uploads\/2024\/05\/logotipo.png","contentUrl":"https:\/\/sirocotours.com\/wp-content\/uploads\/2024\/05\/logotipo.png","width":1080,"height":393,"caption":"Siroco Tours | Tours e Pacotes para Marrocos"},"image":{"@id":"https:\/\/sirocotours.com\/#\/schema\/logo\/image\/"}}]}},"_links":{"self":[{"href":"https:\/\/sirocotours.com\/de\/wp-json\/wp\/v2\/pages\/23482","targetHints":{"allow":["GET"]}}],"collection":[{"href":"https:\/\/sirocotours.com\/de\/wp-json\/wp\/v2\/pages"}],"about":[{"href":"https:\/\/sirocotours.com\/de\/wp-json\/wp\/v2\/types\/page"}],"author":[{"embeddable":true,"href":"https:\/\/sirocotours.com\/de\/wp-json\/wp\/v2\/users\/4"}],"replies":[{"embeddable":true,"href":"https:\/\/sirocotours.com\/de\/wp-json\/wp\/v2\/comments?post=23482"}],"version-history":[{"count":4,"href":"https:\/\/sirocotours.com\/de\/wp-json\/wp\/v2\/pages\/23482\/revisions"}],"predecessor-version":[{"id":30281,"href":"https:\/\/sirocotours.com\/de\/wp-json\/wp\/v2\/pages\/23482\/revisions\/30281"}],"wp:attachment":[{"href":"https:\/\/sirocotours.com\/de\/wp-json\/wp\/v2\/media?parent=23482"}],"curies":[{"name":"wp","href":"https:\/\/api.w.org\/{rel}","templated":true}]}}