{"id":30867,"date":"2024-06-14T14:49:41","date_gmt":"2024-06-14T14:49:41","guid":{"rendered":"https:\/\/sirocotours.com\/?page_id=30867"},"modified":"2026-03-27T13:17:00","modified_gmt":"2026-03-27T13:17:00","slug":"https-sirocotours-com-de-https-sirocotours-com-de-blog-2-2","status":"publish","type":"page","link":"https:\/\/sirocotours.com\/de\/https-sirocotours-com-de-https-sirocotours-com-de-blog-2-2\/","title":{"rendered":"Kontakte"},"content":{"rendered":"<section class=\"wpb-content-wrapper\"><p>[vc_row css=&#8220;.vc_custom_1724772636220{padding-top: 3em !important;}&#8220; conditional_render=&#8220;%5B%7B%22value_role%22%3A%22administrator%22%7D%5D&#8220;][vc_column][vc_custom_heading text=&#8220;Wir stehen Ihnen zur Verf\u00fcgung, um Ihre Reiseroute individuell anzupassen.&#8220; font_container=&#8220;tag:h3|text_align:center&#8220; use_theme_fonts=&#8220;yes&#8220;][\/vc_column][\/vc_row][vc_row wrap_container=&#8220;yes&#8220; no_padding=&#8220;yes&#8220; css=&#8220;.vc_custom_1727459155759{border-bottom-width: 0px !important;padding-top: 25px !important;padding-bottom: 73px !important;border-bottom-color: #ece8dc !important;border-bottom-style: solid !important;}&#8220; el_class=&#8220;flex-wrap&#8220; el_id=&#8220;formulario&#8220; conditional_render=&#8220;%5B%7B%22value_role%22%3A%22administrator%22%7D%5D&#8220;][\/vc_row][vc_column width=&#8220;1\/3&#8243; conditional_render=&#8220;%5B%7B%22value_role%22%3A%22administrator%22%7D%5D&#8220; css=&#8220;.vc_custom_1727459553356{margin-left: 50px !important;padding-top: 56px !important;}&#8220;][vc_separator color=&#8220;custom&#8220; style=&#8220;solid&#8220; css=&#8220;.vc_custom_1727458739117{margin-top: 5px !important;margin-bottom: 5px !important;}&#8220;]<div class=\"porto-u-heading  wpb_custom_0b6dcf34d54e22673bb2aa52d678e372 porto-u-6134\"><div class=\"porto-u-main-heading\"><h2   style=\"color:#08495d;margin-bottom: 4px;\">Brauchen Sie Hilfe?<\/h2><\/div><div class=\"porto-u-sub-heading\" style=\"margin-bottom:30px;\">Ben\u00f6tigen Sie Unterst\u00fctzung oder haben Sie Fragen? Z\u00f6gern Sie nicht und kontaktieren Sie uns direkt per Telefon oder WhatsApp.<\/div><style>.porto-u-6134.porto-u-heading{text-align:left}<\/style><\/div><div class=\"porto-u-heading custom-hover-primary mb-0  wpb_custom_57bc9bb70246c363d9c6a355cfe31821 porto-u-9172\"><div class=\"porto-u-sub-heading\" style=\"\">\n<ul class=\"list list-unstyled\">\n<li class=\"d-flex align-items-center font-weight-semibold mb-3\"><i class=\"Simple-Line-Icons-phone text-color-primary font-weight-bold me-1 pe-2 m-b-n-xxs\" style=\"font-size: 22px;\"><\/i> PORTUGAL<\/li>\n<li class=\"d-flex align-items-center mb-3\"><a class=\"d-inline-flex align-items-center text-decoration-none text-color-primary \" href=\"tel:+351923578090\">+351\u00a0923\u00a0578\u00a0090<\/a><\/li>\n<\/ul>\n<p><\/div><style>.porto-u-9172.porto-u-heading{text-align:left}<\/style><\/div><div class=\"porto-u-heading custom-hover-primary mb-0  wpb_custom_1f65be2037f1ab79aa24156e81987a1a porto-u-8137\"><div class=\"porto-u-sub-heading\" style=\"\">\n<ul class=\"list list-unstyled\">\n<li class=\"d-flex align-items-center font-weight-semibold mb-3\"><i class=\"Simple-Line-Icons-phone text-color-primary font-weight-bold me-1 pe-2 m-b-n-xxs\" style=\"font-size: 22px;\"><\/i> BRASILIEN<\/li>\n<li class=\"d-flex align-items-center mb-3\"><a class=\"d-inline-flex align-items-center text-decoration-none text-color-primary \" href=\"tel:+551132809467\">+55 113 280 9467<\/a><\/li>\n<\/ul>\n<p><\/div><style>.porto-u-8137.porto-u-heading{text-align:left}<\/style><\/div>[vc_separator color=&#8220;custom&#8220; style=&#8220;solid&#8220; css=&#8220;.vc_custom_1727458739117{margin-top: 5px !important;margin-bottom: 5px !important;}&#8220;]<div class=\"porto-u-heading custom-hover-primary mb-0  wpb_custom_1f65be2037f1ab79aa24156e81987a1a porto-u-5223\"><div class=\"porto-u-sub-heading\" style=\"\">\n<ul class=\"list list-unstyled\">\n<li class=\"d-flex align-items-center font-weight-semibold mb-3\"><i class=\"Simple-Line-Icons-phone text-color-primary font-weight-bold me-1 pe-2 m-b-n-xxs\" style=\"font-size: 22px;\"><\/i> MAROKKO<\/li>\n<li class=\"d-flex align-items-center mb-3\"><a class=\"d-inline-flex align-items-center text-decoration-none text-color-primary \" href=\"tel:+212644957982\">+212 644 957 982<\/a><\/li>\n<\/ul>\n<p><\/div><style>.porto-u-5223.porto-u-heading{text-align:left}<\/style><\/div>[vc_separator color=&#8220;custom&#8220; style=&#8220;solid&#8220; css=&#8220;.vc_custom_1727458739117{margin-top: 5px !important;margin-bottom: 5px !important;}&#8220;]<div class=\"porto-u-heading custom-hover-primary mb-0  wpb_custom_1f65be2037f1ab79aa24156e81987a1a porto-u-6175\"><div class=\"porto-u-sub-heading\" style=\"\">\n<ul class=\"list list-unstyled\">\n<li class=\"d-flex align-items-center font-weight-semibold mb-3\"><i class=\"Simple-Line-Icons-phone text-color-primary font-weight-bold me-1 pe-2 m-b-n-xxs\" style=\"font-size: 22px;\"><\/i> USA<\/li>\n<li class=\"d-flex align-items-center mb-3\"><a class=\"d-inline-flex align-items-center text-decoration-none text-color-primary \" href=\"tel:+17162183861\">+1 716 218 3861<\/a><\/li>\n<\/ul>\n<p><\/div><style>.porto-u-6175.porto-u-heading{text-align:left}<\/style><\/div>[vc_separator color=&#8220;custom&#8220; style=&#8220;solid&#8220; css=&#8220;.vc_custom_1727458739117{margin-top: 5px !important;margin-bottom: 5px !important;}&#8220;]<div class=\"porto-u-heading custom-hover-primary mb-0  wpb_custom_1f65be2037f1ab79aa24156e81987a1a porto-u-8683\"><div class=\"porto-u-sub-heading\" style=\"\">\n<ul class=\"list list-unstyled\">\n<li class=\"d-flex align-items-center font-weight-semibold mb-3\"><i class=\"Simple-Line-Icons-phone text-color-primary font-weight-bold me-1 pe-2 m-b-n-xxs\" style=\"font-size: 22px;\"><\/i> CHINA<\/li>\n<li class=\"d-flex align-items-center mb-3\"><a class=\"d-inline-flex align-items-center text-decoration-none text-color-primary \" href=\"tel:+8615951813373\">+86 159 5181 3373<\/a><\/li>\n<\/ul>\n<p><\/div><style>.porto-u-8683.porto-u-heading{text-align:left}<\/style><\/div>[\/vc_column][vc_column width=&#8220;2\/3&#8243; el_class=&#8220;ms-lg-auto me-lg-0 mx-auto col-xl-7 custom-form-control-group-style-1&#8243; css=&#8220;.vc_custom_1727459591396{margin-right: 50px !important;padding-top: 30px !important;padding-right: 50px !important;padding-bottom: 30px !important;padding-left: 50px !important;background-color: #ffffff !important;}&#8220; conditional_render=&#8220;%5B%7B%22value_role%22%3A%22administrator%22%7D%5D&#8220;][\/vc_column]<div class=\"porto-u-heading  wpb_custom_0b6dcf34d54e22673bb2aa52d678e372 porto-u-2255\"><div class=\"porto-u-main-heading\"><h2   style=\"color:#08495d;margin-bottom: 4px;\">F\u00fcllen Sie das untenstehende Formular aus<\/h2><\/div><div class=\"porto-u-sub-heading\" style=\"margin-bottom:36px;\"><strong>Oder senden Sie uns eine E-Mail an: <span style=\"text-decoration: underline;\"><a href=\"mailto:info@sirocotours.com\">info@sirocotours.com<\/a><\/span><\/strong><\/p>\n<p>Wir werden so schnell wie m\u00f6glich antworten.<\/div><style>.porto-u-2255.porto-u-heading{text-align:center}<\/style><\/div>\n<\/section>","protected":false},"excerpt":{"rendered":"<p>[vc_row css=&#8220;.vc_custom_1724772636220{padding-top: 3em !important;}&#8220; conditional_render=&#8220;%5B%7B%22value_role%22%3A%22administrator%22%7D%5D&#8220;][vc_column][vc_custom_heading text=&#8220;Wir stehen Ihnen zur Verf\u00fcgung, um Ihre Reiseroute individuell anzupassen.&#8220; font_container=&#8220;tag:h3|text_align:center&#8220; use_theme_fonts=&#8220;yes&#8220;][\/vc_column][\/vc_row][vc_row wrap_container=&#8220;yes&#8220; no_padding=&#8220;yes&#8220; css=&#8220;.vc_custom_1727459155759{border-bottom-width: 0px !important;padding-top: 25px !important;padding-bottom: 73px !important;border-bottom-color: #ece8dc !important;border-bottom-style: solid !important;}&#8220; el_class=&#8220;flex-wrap&#8220; el_id=&#8220;formulario&#8220; conditional_render=&#8220;%5B%7B%22value_role%22%3A%22administrator%22%7D%5D&#8220;][\/vc_row][vc_column width=&#8220;1\/3&#8243; conditional_render=&#8220;%5B%7B%22value_role%22%3A%22administrator%22%7D%5D&#8220; css=&#8220;.vc_custom_1727459553356{margin-left: 50px !important;padding-top: 56px !important;}&#8220;][vc_separator color=&#8220;custom&#8220; style=&#8220;solid&#8220; css=&#8220;.vc_custom_1727458739117{margin-top: 5px !important;margin-bottom: 5px !important;}&#8220;][vc_separator color=&#8220;custom&#8220; style=&#8220;solid&#8220; css=&#8220;.vc_custom_1727458739117{margin-top: 5px !important;margin-bottom: 5px !important;}&#8220;][vc_separator color=&#8220;custom&#8220; [&hellip;]<\/p>\n","protected":false},"author":4,"featured_media":0,"parent":0,"menu_order":0,"comment_status":"closed","ping_status":"closed","template":"","meta":{"_acf_changed":false,"_monsterinsights_skip_tracking":false,"_monsterinsights_sitenote_active":false,"_monsterinsights_sitenote_note":"","_monsterinsights_sitenote_category":0,"_uf_show_specific_survey":0,"_uf_disable_surveys":false,"footnotes":""},"class_list":["post-30867","page","type-page","status-publish","hentry"],"acf":[],"yoast_head":"<!-- This site is optimized with the Yoast SEO Premium plugin v23.3 (Yoast SEO v23.7) - https:\/\/yoast.com\/wordpress\/plugins\/seo\/ -->\n<title>Kontakte -<\/title>\n<meta name=\"robots\" content=\"index, follow, max-snippet:-1, max-image-preview:large, max-video-preview:-1\" \/>\n<link rel=\"canonical\" href=\"https:\/\/sirocotours.com\/de\/https-sirocotours-com-de-https-sirocotours-com-de-blog-2-2\/\" \/>\n<meta property=\"og:locale\" content=\"de_DE\" \/>\n<meta property=\"og:type\" content=\"article\" \/>\n<meta property=\"og:title\" content=\"Kontakte\" \/>\n<meta property=\"og:description\" content=\"[vc_row css=&#8220;.vc_custom_1724772636220{padding-top: 3em !important;}&#8220; conditional_render=&#8220;%5B%7B%22value_role%22%3A%22administrator%22%7D%5D&#8220;][vc_column][vc_custom_heading text=&#8220;Wir stehen Ihnen zur Verf\u00fcgung, um Ihre Reiseroute individuell anzupassen.&#8220; font_container=&#8220;tag:h3|text_align:center&#8220; use_theme_fonts=&#8220;yes&#8220;][\/vc_column][\/vc_row][vc_row wrap_container=&#8220;yes&#8220; no_padding=&#8220;yes&#8220; css=&#8220;.vc_custom_1727459155759{border-bottom-width: 0px !important;padding-top: 25px !important;padding-bottom: 73px !important;border-bottom-color: #ece8dc !important;border-bottom-style: solid !important;}&#8220; el_class=&#8220;flex-wrap&#8220; el_id=&#8220;formulario&#8220; conditional_render=&#8220;%5B%7B%22value_role%22%3A%22administrator%22%7D%5D&#8220;][\/vc_row][vc_column width=&#8220;1\/3&#8243; conditional_render=&#8220;%5B%7B%22value_role%22%3A%22administrator%22%7D%5D&#8220; css=&#8220;.vc_custom_1727459553356{margin-left: 50px !important;padding-top: 56px !important;}&#8220;][vc_separator color=&#8220;custom&#8220; style=&#8220;solid&#8220; css=&#8220;.vc_custom_1727458739117{margin-top: 5px !important;margin-bottom: 5px !important;}&#8220;][vc_separator color=&#8220;custom&#8220; style=&#8220;solid&#8220; css=&#8220;.vc_custom_1727458739117{margin-top: 5px !important;margin-bottom: 5px !important;}&#8220;][vc_separator color=&#8220;custom&#8220; [&hellip;]\" \/>\n<meta property=\"og:url\" content=\"https:\/\/sirocotours.com\/de\/https-sirocotours-com-de-https-sirocotours-com-de-blog-2-2\/\" \/>\n<meta property=\"og:site_name\" content=\"Siroco Tours | Tours e Pacotes para Marrocos\" \/>\n<meta property=\"article:modified_time\" content=\"2026-03-27T13:17:00+00:00\" \/>\n<meta name=\"twitter:card\" content=\"summary_large_image\" \/>\n<meta name=\"twitter:label1\" content=\"Gesch\u00e4tzte Lesezeit\" \/>\n\t<meta name=\"twitter:data1\" content=\"1\u00a0Minute\" \/>\n<script type=\"application\/ld+json\" class=\"yoast-schema-graph\">{\"@context\":\"https:\/\/schema.org\",\"@graph\":[{\"@type\":\"WebPage\",\"@id\":\"https:\/\/sirocotours.com\/de\/https-sirocotours-com-de-https-sirocotours-com-de-blog-2-2\/\",\"url\":\"https:\/\/sirocotours.com\/de\/https-sirocotours-com-de-https-sirocotours-com-de-blog-2-2\/\",\"name\":\"Kontakte -\",\"isPartOf\":{\"@id\":\"https:\/\/sirocotours.com\/#website\"},\"datePublished\":\"2024-06-14T14:49:41+00:00\",\"dateModified\":\"2026-03-27T13:17:00+00:00\",\"breadcrumb\":{\"@id\":\"https:\/\/sirocotours.com\/de\/https-sirocotours-com-de-https-sirocotours-com-de-blog-2-2\/#breadcrumb\"},\"inLanguage\":\"de\",\"potentialAction\":[{\"@type\":\"ReadAction\",\"target\":[\"https:\/\/sirocotours.com\/de\/https-sirocotours-com-de-https-sirocotours-com-de-blog-2-2\/\"]}]},{\"@type\":\"BreadcrumbList\",\"@id\":\"https:\/\/sirocotours.com\/de\/https-sirocotours-com-de-https-sirocotours-com-de-blog-2-2\/#breadcrumb\",\"itemListElement\":[{\"@type\":\"ListItem\",\"position\":1,\"name\":\"In\u00edcio\",\"item\":\"https:\/\/sirocotours.com\/de\/\"},{\"@type\":\"ListItem\",\"position\":2,\"name\":\"Kontakte\"}]},{\"@type\":\"WebSite\",\"@id\":\"https:\/\/sirocotours.com\/#website\",\"url\":\"https:\/\/sirocotours.com\/\",\"name\":\"Siroco Tours | Tours e Pacotes para Marrocos\",\"description\":\"Siroco Tours | Tours e Excurs\u00f5es para Marrocos\",\"publisher\":{\"@id\":\"https:\/\/sirocotours.com\/#organization\"},\"potentialAction\":[{\"@type\":\"SearchAction\",\"target\":{\"@type\":\"EntryPoint\",\"urlTemplate\":\"https:\/\/sirocotours.com\/?s={search_term_string}\"},\"query-input\":{\"@type\":\"PropertyValueSpecification\",\"valueRequired\":true,\"valueName\":\"search_term_string\"}}],\"inLanguage\":\"de\"},{\"@type\":\"Organization\",\"@id\":\"https:\/\/sirocotours.com\/#organization\",\"name\":\"Siroco Tours | Tours e Pacotes para Marrocos\",\"url\":\"https:\/\/sirocotours.com\/\",\"logo\":{\"@type\":\"ImageObject\",\"inLanguage\":\"de\",\"@id\":\"https:\/\/sirocotours.com\/#\/schema\/logo\/image\/\",\"url\":\"https:\/\/sirocotours.com\/wp-content\/uploads\/2024\/05\/logotipo.png\",\"contentUrl\":\"https:\/\/sirocotours.com\/wp-content\/uploads\/2024\/05\/logotipo.png\",\"width\":1080,\"height\":393,\"caption\":\"Siroco Tours | Tours e Pacotes para Marrocos\"},\"image\":{\"@id\":\"https:\/\/sirocotours.com\/#\/schema\/logo\/image\/\"}}]}<\/script>\n<!-- \/ Yoast SEO Premium plugin. -->","yoast_head_json":{"title":"Kontakte -","robots":{"index":"index","follow":"follow","max-snippet":"max-snippet:-1","max-image-preview":"max-image-preview:large","max-video-preview":"max-video-preview:-1"},"canonical":"https:\/\/sirocotours.com\/de\/https-sirocotours-com-de-https-sirocotours-com-de-blog-2-2\/","og_locale":"de_DE","og_type":"article","og_title":"Kontakte","og_description":"[vc_row css=&#8220;.vc_custom_1724772636220{padding-top: 3em !important;}&#8220; conditional_render=&#8220;%5B%7B%22value_role%22%3A%22administrator%22%7D%5D&#8220;][vc_column][vc_custom_heading text=&#8220;Wir stehen Ihnen zur Verf\u00fcgung, um Ihre Reiseroute individuell anzupassen.&#8220; font_container=&#8220;tag:h3|text_align:center&#8220; use_theme_fonts=&#8220;yes&#8220;][\/vc_column][\/vc_row][vc_row wrap_container=&#8220;yes&#8220; no_padding=&#8220;yes&#8220; css=&#8220;.vc_custom_1727459155759{border-bottom-width: 0px !important;padding-top: 25px !important;padding-bottom: 73px !important;border-bottom-color: #ece8dc !important;border-bottom-style: solid !important;}&#8220; el_class=&#8220;flex-wrap&#8220; el_id=&#8220;formulario&#8220; conditional_render=&#8220;%5B%7B%22value_role%22%3A%22administrator%22%7D%5D&#8220;][\/vc_row][vc_column width=&#8220;1\/3&#8243; conditional_render=&#8220;%5B%7B%22value_role%22%3A%22administrator%22%7D%5D&#8220; css=&#8220;.vc_custom_1727459553356{margin-left: 50px !important;padding-top: 56px !important;}&#8220;][vc_separator color=&#8220;custom&#8220; style=&#8220;solid&#8220; css=&#8220;.vc_custom_1727458739117{margin-top: 5px !important;margin-bottom: 5px !important;}&#8220;][vc_separator color=&#8220;custom&#8220; style=&#8220;solid&#8220; css=&#8220;.vc_custom_1727458739117{margin-top: 5px !important;margin-bottom: 5px !important;}&#8220;][vc_separator color=&#8220;custom&#8220; [&hellip;]","og_url":"https:\/\/sirocotours.com\/de\/https-sirocotours-com-de-https-sirocotours-com-de-blog-2-2\/","og_site_name":"Siroco Tours | Tours e Pacotes para Marrocos","article_modified_time":"2026-03-27T13:17:00+00:00","twitter_card":"summary_large_image","twitter_misc":{"Gesch\u00e4tzte Lesezeit":"1\u00a0Minute"},"schema":{"@context":"https:\/\/schema.org","@graph":[{"@type":"WebPage","@id":"https:\/\/sirocotours.com\/de\/https-sirocotours-com-de-https-sirocotours-com-de-blog-2-2\/","url":"https:\/\/sirocotours.com\/de\/https-sirocotours-com-de-https-sirocotours-com-de-blog-2-2\/","name":"Kontakte -","isPartOf":{"@id":"https:\/\/sirocotours.com\/#website"},"datePublished":"2024-06-14T14:49:41+00:00","dateModified":"2026-03-27T13:17:00+00:00","breadcrumb":{"@id":"https:\/\/sirocotours.com\/de\/https-sirocotours-com-de-https-sirocotours-com-de-blog-2-2\/#breadcrumb"},"inLanguage":"de","potentialAction":[{"@type":"ReadAction","target":["https:\/\/sirocotours.com\/de\/https-sirocotours-com-de-https-sirocotours-com-de-blog-2-2\/"]}]},{"@type":"BreadcrumbList","@id":"https:\/\/sirocotours.com\/de\/https-sirocotours-com-de-https-sirocotours-com-de-blog-2-2\/#breadcrumb","itemListElement":[{"@type":"ListItem","position":1,"name":"In\u00edcio","item":"https:\/\/sirocotours.com\/de\/"},{"@type":"ListItem","position":2,"name":"Kontakte"}]},{"@type":"WebSite","@id":"https:\/\/sirocotours.com\/#website","url":"https:\/\/sirocotours.com\/","name":"Siroco Tours | Tours e Pacotes para Marrocos","description":"Siroco Tours | Tours e Excurs\u00f5es para Marrocos","publisher":{"@id":"https:\/\/sirocotours.com\/#organization"},"potentialAction":[{"@type":"SearchAction","target":{"@type":"EntryPoint","urlTemplate":"https:\/\/sirocotours.com\/?s={search_term_string}"},"query-input":{"@type":"PropertyValueSpecification","valueRequired":true,"valueName":"search_term_string"}}],"inLanguage":"de"},{"@type":"Organization","@id":"https:\/\/sirocotours.com\/#organization","name":"Siroco Tours | Tours e Pacotes para Marrocos","url":"https:\/\/sirocotours.com\/","logo":{"@type":"ImageObject","inLanguage":"de","@id":"https:\/\/sirocotours.com\/#\/schema\/logo\/image\/","url":"https:\/\/sirocotours.com\/wp-content\/uploads\/2024\/05\/logotipo.png","contentUrl":"https:\/\/sirocotours.com\/wp-content\/uploads\/2024\/05\/logotipo.png","width":1080,"height":393,"caption":"Siroco Tours | Tours e Pacotes para Marrocos"},"image":{"@id":"https:\/\/sirocotours.com\/#\/schema\/logo\/image\/"}}]}},"_links":{"self":[{"href":"https:\/\/sirocotours.com\/de\/wp-json\/wp\/v2\/pages\/30867","targetHints":{"allow":["GET"]}}],"collection":[{"href":"https:\/\/sirocotours.com\/de\/wp-json\/wp\/v2\/pages"}],"about":[{"href":"https:\/\/sirocotours.com\/de\/wp-json\/wp\/v2\/types\/page"}],"author":[{"embeddable":true,"href":"https:\/\/sirocotours.com\/de\/wp-json\/wp\/v2\/users\/4"}],"replies":[{"embeddable":true,"href":"https:\/\/sirocotours.com\/de\/wp-json\/wp\/v2\/comments?post=30867"}],"version-history":[{"count":5,"href":"https:\/\/sirocotours.com\/de\/wp-json\/wp\/v2\/pages\/30867\/revisions"}],"predecessor-version":[{"id":30997,"href":"https:\/\/sirocotours.com\/de\/wp-json\/wp\/v2\/pages\/30867\/revisions\/30997"}],"wp:attachment":[{"href":"https:\/\/sirocotours.com\/de\/wp-json\/wp\/v2\/media?parent=30867"}],"curies":[{"name":"wp","href":"https:\/\/api.w.org\/{rel}","templated":true}]}}