{"id":14844,"date":"2024-07-03T11:43:44","date_gmt":"2024-07-03T11:43:44","guid":{"rendered":"https:\/\/sirocotours.com\/?page_id=14844"},"modified":"2026-03-11T19:18:00","modified_gmt":"2026-03-11T19:18:00","slug":"blog-siroco-tours-marruecos","status":"publish","type":"page","link":"https:\/\/sirocotours.com\/es\/blog-siroco-tours-marruecos\/","title":{"rendered":"Blog Siroco Tours Marruecos"},"content":{"rendered":"<section class=\"wpb-content-wrapper\"><p>[vc_row wrap_container=\u00bbyes\u00bb conditional_render=\u00bb%5B%7B%22value_role%22%3A%22administrator%22%7D%5D\u00bb css=\u00bb.vc_custom_1724771353383{padding-top: 3em !important;}\u00bb][vc_column][vc_custom_heading text=\u00bbConsejos y curiosidades sobre Marruecos\u00bb font_container=\u00bbtag:h3|text_align:center\u00bb use_theme_fonts=\u00bbyes\u00bb][\/vc_column][vc_column width=\u00bb1\/12&#8243; css=\u00bb.vc_custom_1718383887993{padding-top: 84px !important;}\u00bb conditional_render=\u00bb%5B%7B%22value_role%22%3A%22administrator%22%7D%5D\u00bb][\/vc_column][vc_column width=\u00bb5\/6&#8243; css=\u00bb.vc_custom_1727368756723{padding-top: 25px !important;padding-bottom: 25px !important;}\u00bb conditional_render=\u00bb%5B%7B%22value_role%22%3A%22administrator%22%7D%5D\u00bb][vc_column_text]Si eres apasionado por culturas ex\u00f3ticas, destinos incre\u00edbles e historias fascinantes, has llegado al lugar correcto. En este espacio, te llevaremos a viajar por Marruecos, un pa\u00eds donde las tradiciones milenarias se encuentran con la modernidad. Ya sea que est\u00e9s planeando una visita o seas un curioso que desea viajar sin salir de casa, nuestro blog ser\u00e1 tu gu\u00eda virtual sobre Marruecos.<\/p>\n<p>Explora los colores y aromas de los souks de las Ciudades Imperiales marroqu\u00edes, siente la inmensidad del desierto del Sahara, la magia de los oasis y descubre los tesoros escondidos en lugares rec\u00f3nditos. Aqu\u00ed compartiremos consejos de viaje, curiosidades culturales, gastronom\u00eda t\u00edpica y mucho m\u00e1s sobre este destino encantador.<\/p>\n<p>\u00a1Vamos juntos a descubrir todo lo que este fascinante pa\u00eds tiene para ofrecer![\/vc_column_text][\/vc_column][vc_column width=\u00bb1\/12&#8243; conditional_render=\u00bb%5B%7B%22value_role%22%3A%22administrator%22%7D%5D\u00bb][\/vc_column][\/vc_row][vc_row wrap_container=\u00bbyes\u00bb conditional_render=\u00bb%5B%7B%22value_role%22%3A%22administrator%22%7D%5D\u00bb el_id=\u00bbblog\u00bb][vc_column conditional_render=\u00bb%5B%7B%22value_role%22%3A%22administrator%22%7D%5D\u00bb][vc_basic_grid post_type=\u00bbpost\u00bb max_items=\u00bb100&#8243; style=\u00bbpagination\u00bb items_per_page=\u00bb16&#8243; element_width=\u00bb3&#8243; gap=\u00bb10&#8243; arrows_design=\u00bbvc_arrow-icon-arrow_04_left\u00bb arrows_color=\u00bbblack\u00bb item=\u00bb4207&#8243; grid_id=\u00bbvc_gid:1757958745303-16a81242-ccd2-1&#8243; taxonomies=\u00bb96&#8243; el_class=\u00bbescurecer\u00bb][\/vc_column][\/vc_row][vc_row full_width=\u00bbstretch_row\u00bb conditional_render=\u00bb%5B%7B%22value_role%22%3A%22administrator%22%7D%5D\u00bb css=\u00bb.vc_custom_1720545462546{background-color: #ffffff !important;}\u00bb][vc_column width=\u00bb1\/2&#8243; css=\u00bb.vc_custom_1720545359371{background-image: url(https:\/\/sirocotours.com\/wp-content\/uploads\/2024\/06\/Essaouira5.jpg?id=2724) !important;background-position: center !important;background-repeat: no-repeat !important;background-size: cover !important;}\u00bb conditional_render=\u00bb%5B%7B%22value_role%22%3A%22administrator%22%7D%5D\u00bb][vc_empty_space height=\u00bb500px\u00bb][\/vc_column][vc_column width=\u00bb1\/12&#8243;][\/vc_column][vc_column width=\u00bb5\/12&#8243; conditional_render=\u00bb%5B%7B%22value_role%22%3A%22administrator%22%7D%5D\u00bb][vc_empty_space height=\u00bb60px\u00bb][vc_widget_sidebar sidebar_id=\u00bbporto-custom-sidebar-portfoliosidebar\u00bb][vc_empty_space height=\u00bb20px\u00bb][\/vc_column][\/vc_row][vc_row full_width=\u00bbstretch_row_content_no_spaces\u00bb conditional_render=\u00bb%5B%7B%22value_role%22%3A%22administrator%22%7D%5D\u00bb css=\u00bb.vc_custom_1718277594278{margin-bottom: 0px !important;padding-bottom: 0px !important;}\u00bb el_class=\u00bbportfolio\u00bb][vc_column][vc_btn title=\u00bbEXPLORAR TOURS\u00bb style=\u00bboutline\u00bb shape=\u00bbrounded\u00bb size=\u00bbxl\u00bb align=\u00bbcenter\u00bb i_align=\u00bbright\u00bb i_icon_fontawesome=\u00bbfas fa-long-arrow-alt-right\u00bb skin=\u00bblight\u00bb btn_fs=\u00bb15px\u00bb btn_fw=\u00bb500&#8243; btn_ls=\u00bb0&#8243; animation_delay=\u00bb1800&#8243; add_icon=\u00bbtrue\u00bb link=\u00bburl:https%3A%2F%2Fsirocotours.com%2Ftours-marrocos%2F\u00bb btn_px=\u00bb37.4px\u00bb btn_py=\u00bb16px\u00bb css=\u00bb.vc_custom_1746629000411{margin-top: 25px !important;}\u00bb el_class=\u00bbbotao-branco\u00bb][\/vc_column][\/vc_row][vc_row full_width=\u00bbstretch_row\u00bb wrap_container=\u00bbyes\u00bb conditional_render=\u00bb%5B%7B%22value_role%22%3A%22administrator%22%7D%5D\u00bb css=\u00bb.vc_custom_1721404945804{padding-top: 80px !important;padding-bottom: 40px !important;}\u00bb][vc_column conditional_render=\u00bb%5B%7B%22value_role%22%3A%22administrator%22%7D%5D\u00bb]<div class=\"porto-block\" data-id=\"1595\"><style>.wpb_custom_70a89e142ccf56dcd4c7bfc4b40db368{--porto-el-spacing: 10px;}.wpb_custom_b03a96f4fc6d8e430b353f5906c21a5a .testimonial-author strong{font-weight:600;font-size:20px;}.wpb_custom_b03a96f4fc6d8e430b353f5906c21a5a .testimonial-author span{font-weight:300;font-size:14px;}.wpb_custom_b03a96f4fc6d8e430b353f5906c21a5a .testimonial-author img{max-width: 80px;}.wpb_custom_b03a96f4fc6d8e430b353f5906c21a5a .testimonial-with-quotes img{width: 80px;}.wpb_custom_b03a96f4fc6d8e430b353f5906c21a5a .testimonial-author img, .wpb_custom_b03a96f4fc6d8e430b353f5906c21a5a .testimonial-with-quotes img{margin-bottom: 20px;}.wpb_custom_b03a96f4fc6d8e430b353f5906c21a5a .testimonial blockquote p{font-weight:300;font-size:16px;}.testimonial.testimonial-style-4 {\r\n  padding: 10px; text-align: justify;\r\n  border: 0px solid var(--porto-gray-bg);\r\n  box-shadow: 0 0px 0px 0 rgba(0, 0, 0, 0.04);\r\n  background: #ffffff;}\r\n\r\n\r\n\r\n.testimonial { min-height:550px}<\/style>[vc_row][vc_column]<div class=\"porto-carousel owl-carousel has-ccols has-ccols-spacing ccols-xl-3 ccols-lg-2 ccols-sm-2 ccols-1 stage-margin wpb_custom_70a89e142ccf56dcd4c7bfc4b40db368\" data-plugin-options=\"{&quot;stagePadding&quot;:20,&quot;margin&quot;:10,&quot;autoplay&quot;:false,&quot;mouseDrag&quot;:true,&quot;touchDrag&quot;:true,&quot;autoplayTimeout&quot;:5000,&quot;autoplayHoverPause&quot;:false,&quot;items&quot;:3,&quot;lg&quot;:2,&quot;md&quot;:1,&quot;sm&quot;:2,&quot;xs&quot;:1,&quot;nav&quot;:false,&quot;dots&quot;:&quot;yes&quot;,&quot;animateIn&quot;:&quot;&quot;,&quot;animateOut&quot;:&quot;&quot;,&quot;loop&quot;:false,&quot;center&quot;:false,&quot;video&quot;:false,&quot;lazyLoad&quot;:false,&quot;fullscreen&quot;:false}\"><div class=\"porto-testimonial wpb_content_element   wpb_custom_b03a96f4fc6d8e430b353f5906c21a5a\"><div class=\"testimonial testimonial-style-4\"><div class=\"testimonial-author\"><div class=\"testimonial-author-thumbnail\"><img decoding=\"async\" class=\"img-responsive img-circle\" src=\"https:\/\/sirocotours.com\/wp-content\/uploads\/2024\/06\/monica-a.jpg\" alt=\"Experi\u00eancia inesquec\u00edvel!\" width=\"100\" height=\"100\"><\/div><p><strong style=\"color:#08495d\">Experi\u00eancia inesquec\u00edvel!<\/strong><span style=\"color:#5a777b\">M\u00f3nica Pereira - Rio de Janeiro<\/span><\/p><\/div><div class=\"testimonial-arrow-down reversed\"><\/div><blockquote style=\"color:#08495d\"><p>Experi\u00eancia maravilhosa no deserto. Eu e minha amiga fizemos o tour de 3 dias come\u00e7ando em Marrakech e terminando em Fes. Ficamos no hotel Ksar Sultan Dades e na tenda no deserto. O hotel Sultan Dades \u00e9 perfeito. Muito confort\u00e1vel, higiene nota 10 e staff atencioso. A tenda no deserto \u00e9 confort\u00e1vel (para quem sente calor melhor optar pelo pacote de tenda com ar condicionado...<br \/>\r\n<a href=\"https:\/\/www.tripadvisor.pt\/ShowUserReviews-g293732-d8442728-r954128964-Siroco_Tours-Casablanca_Casablanca_Settat.html\" target=\"_blank\" rel=\"noopener\"><strong>Ler mais \u00bb<\/strong><\/a><\/p>\r\n<p>&nbsp;<\/p>\r\n<p style=\"margin-top: 10px;\"><i class=\"fas fa-circle\" style=\"color: #00aa6c;\"><\/i>\u00a0<i class=\"fas fa-circle\" style=\"color: #00aa6c;\"><\/i>\u00a0<i class=\"fas fa-circle\" style=\"color: #00aa6c;\"><\/i>\u00a0<i class=\"fas fa-circle\" style=\"color: #00aa6c;\"><\/i>\u00a0<i class=\"fas fa-circle\" style=\"color: #00aa6c;\"><\/i><\/p>\r\n<p><\/p><\/blockquote><\/div><\/div><div class=\"porto-testimonial wpb_content_element   wpb_custom_b03a96f4fc6d8e430b353f5906c21a5a\"><div class=\"testimonial testimonial-style-4\"><div class=\"testimonial-author\"><div class=\"testimonial-author-thumbnail\"><img decoding=\"async\" class=\"img-responsive img-circle\" src=\"https:\/\/sirocotours.com\/wp-content\/uploads\/2024\/06\/default-avatar-2020-62.jpg\" alt=\"Viagem dos sonhos!\" width=\"100\" height=\"100\"><\/div><p><strong style=\"color:#08495d\">Viagem dos sonhos!<\/strong><span style=\"color:#5a777b\">Brunella C - Miami, Florida<\/span><\/p><\/div><div class=\"testimonial-arrow-down reversed\"><\/div><blockquote style=\"color:#08495d\"><p>Foram lindos dias de viagem onde tudo funcionou perfeitamente!! Desde o planejamento at\u00e9 a execu\u00e7\u00e3o, a equipe foi super profissional, cuidando de cada detalhe com muito carinho e aten\u00e7\u00e3o. As indica\u00e7\u00f5es dos hot\u00e9is, lugares para visitar e os detalhes do roteiro foram muito bem cuidados, de quem realmente conhece o pa\u00eds. Nossos guias e motorista foram incr\u00edveis, sempre pacientes...<\/p>\r\n<p><a href=\"https:\/\/www.tripadvisor.pt\/ShowUserReviews-g293732-d8442728-r943940980-Siroco_Tours-Casablanca_Casablanca_Settat.html\" target=\"_blank\" rel=\"noopener\"><strong>Ler mais \u00bb<\/strong><\/a><\/p>\r\n<p>&nbsp;<\/p>\r\n<p style=\"margin-top: 10px;\"><i class=\"fas fa-circle\" style=\"color: #00aa6c;\"><\/i>\u00a0<i class=\"fas fa-circle\" style=\"color: #00aa6c;\"><\/i>\u00a0<i class=\"fas fa-circle\" style=\"color: #00aa6c;\"><\/i>\u00a0<i class=\"fas fa-circle\" style=\"color: #00aa6c;\"><\/i>\u00a0<i class=\"fas fa-circle\" style=\"color: #00aa6c;\"><\/i><\/p>\r\n<p><\/p><\/blockquote><\/div><\/div><div class=\"porto-testimonial wpb_content_element   wpb_custom_b03a96f4fc6d8e430b353f5906c21a5a\"><div class=\"testimonial testimonial-style-4\"><div class=\"testimonial-author\"><div class=\"testimonial-author-thumbnail\"><img decoding=\"async\" class=\"img-responsive img-circle\" src=\"https:\/\/sirocotours.com\/wp-content\/uploads\/2024\/06\/default-avatar-2020-22.jpg\" alt=\"Viagem inesquec\u00edvel!\" width=\"100\" height=\"100\"><\/div><p><strong style=\"color:#08495d\">Viagem inesquec\u00edvel!<\/strong><span style=\"color:#5a777b\">Patricia B - Porto Alegre, RS<\/span><\/p><\/div><div class=\"testimonial-arrow-down reversed\"><\/div><blockquote style=\"color:#08495d\"><p>Fizemos uma viagem em fam\u00edlia de 10 dias pelo Marrocos com a Siroco Tours. Atendimento impec\u00e1vel, desde o suporte antes da viagem com recomenda\u00e7\u00f5es e dicas, respondendo d\u00favidas pelo Whatsapp. Durante a viagem sempre um guia falando portugu\u00eas ou \"portunhol\" nos acompanhando, a sele\u00e7\u00e3o de hot\u00e9is tamb\u00e9m \u00e9 maravilhosa. Recomendo muito o servi\u00e7o deles...<\/p>\r\n<p><a href=\"https:\/\/www.tripadvisor.pt\/ShowUserReviews-g293732-d8442728-r919518888-Siroco_Tours-Casablanca_Casablanca_Settat.html\" target=\"_blank\" rel=\"noopener\"><strong>Ler mais \u00bb <\/strong><\/a><\/p>\r\n<p>&nbsp;<\/p>\r\n<p style=\"margin-top: 10px;\"><i class=\"fas fa-circle\" style=\"color: #00aa6c;\"><\/i>\u00a0<i class=\"fas fa-circle\" style=\"color: #00aa6c;\"><\/i>\u00a0<i class=\"fas fa-circle\" style=\"color: #00aa6c;\"><\/i>\u00a0<i class=\"fas fa-circle\" style=\"color: #00aa6c;\"><\/i>\u00a0<i class=\"fas fa-circle\" style=\"color: #00aa6c;\"><\/i><\/p>\r\n<p><\/p><\/blockquote><\/div><\/div><div class=\"porto-testimonial wpb_content_element   wpb_custom_b03a96f4fc6d8e430b353f5906c21a5a\"><div class=\"testimonial testimonial-style-4\"><div class=\"testimonial-author\"><div class=\"testimonial-author-thumbnail\"><img decoding=\"async\" class=\"img-responsive img-circle\" src=\"https:\/\/sirocotours.com\/wp-content\/uploads\/2024\/06\/yuri-d.jpg\" alt=\"\u00d3tima excurs\u00e3o!\" width=\"100\" height=\"100\"><\/div><p><strong style=\"color:#08495d\">\u00d3tima excurs\u00e3o!<\/strong><span style=\"color:#5a777b\">Yuri D - Ubatuba, SP<\/span><\/p><\/div><div class=\"testimonial-arrow-down reversed\"><\/div><blockquote style=\"color:#08495d\"><p>A excurs\u00e3o com a siroco tours foi impec\u00e1vel, o nosso guia Jamal foi extremamente atencioso e fez a nossa viagem ser calma e tranquila mesmo com deslocamentos mais longos.<\/p>\r\n<p>Os hot\u00e9is foram \u00f3timos tamb\u00e9m.<\/p>\r\n<p>Essa viagem \u00e9 importante termos um guia e n\u00e3o poder\u00edamos ter escolhido melhor. Os guias nas cidades imperiais...<\/p>\r\n<p><a href=\"https:\/\/www.tripadvisor.pt\/ShowUserReviews-g293732-d8442728-r915889500-Siroco_Tours-Casablanca_Casablanca_Settat.html\" target=\"_blank\" rel=\"noopener\"><strong>Ler mais \u00bb<\/strong><\/a><\/p>\r\n<p>&nbsp;<\/p>\r\n<p style=\"margin-top: 10px;\"><i class=\"fas fa-circle\" style=\"color: #00aa6c;\"><\/i>\u00a0<i class=\"fas fa-circle\" style=\"color: #00aa6c;\"><\/i>\u00a0<i class=\"fas fa-circle\" style=\"color: #00aa6c;\"><\/i>\u00a0<i class=\"fas fa-circle\" style=\"color: #00aa6c;\"><\/i>\u00a0<i class=\"fas fa-circle\" style=\"color: #00aa6c;\"><\/i><\/p>\r\n<p>&nbsp;<\/p><\/blockquote><\/div><\/div><\/div>[\/vc_column][\/vc_row]<\/div>[\/vc_column][\/vc_row]<\/p>\n<\/section>","protected":false},"excerpt":{"rendered":"<p>[vc_row wrap_container=\u00bbyes\u00bb conditional_render=\u00bb%5B%7B%22value_role%22%3A%22administrator%22%7D%5D\u00bb css=\u00bb.vc_custom_1724771353383{padding-top: 3em !important;}\u00bb][vc_column][vc_custom_heading text=\u00bbConsejos y curiosidades sobre Marruecos\u00bb font_container=\u00bbtag:h3|text_align:center\u00bb use_theme_fonts=\u00bbyes\u00bb][\/vc_column][vc_column width=\u00bb1\/12&#8243; css=\u00bb.vc_custom_1718383887993{padding-top: 84px !important;}\u00bb conditional_render=\u00bb%5B%7B%22value_role%22%3A%22administrator%22%7D%5D\u00bb][\/vc_column][vc_column width=\u00bb5\/6&#8243; css=\u00bb.vc_custom_1727368756723{padding-top: 25px !important;padding-bottom: 25px !important;}\u00bb conditional_render=\u00bb%5B%7B%22value_role%22%3A%22administrator%22%7D%5D\u00bb][vc_column_text]Si eres apasionado por culturas ex\u00f3ticas, destinos incre\u00edbles e historias fascinantes, has llegado al lugar correcto. En este espacio, te llevaremos a viajar por Marruecos, un pa\u00eds donde las tradiciones milenarias [&hellip;]<\/p>\n","protected":false},"author":4,"featured_media":0,"parent":0,"menu_order":0,"comment_status":"closed","ping_status":"closed","template":"","meta":{"_acf_changed":false,"_monsterinsights_skip_tracking":false,"_monsterinsights_sitenote_active":false,"_monsterinsights_sitenote_note":"","_monsterinsights_sitenote_category":0,"_uf_show_specific_survey":0,"_uf_disable_surveys":false,"footnotes":""},"class_list":["post-14844","page","type-page","status-publish","hentry"],"acf":[],"yoast_head":"<!-- This site is optimized with the Yoast SEO Premium plugin v23.3 (Yoast SEO v23.7) - https:\/\/yoast.com\/wordpress\/plugins\/seo\/ -->\n<title>Blog Siroco Tours Marruecos -<\/title>\n<meta name=\"description\" content=\"Neste Blog vai encontrar as melhores dicas para a sua viagem em Marrocos. Descubra conosco curiosidades, tradi\u00e7\u00f5es e at\u00e9 segredos deste pa\u00eds!\" \/>\n<meta name=\"robots\" content=\"index, follow, max-snippet:-1, max-image-preview:large, max-video-preview:-1\" \/>\n<link rel=\"canonical\" href=\"https:\/\/sirocotours.com\/es\/blog-siroco-tours-marruecos\/\" \/>\n<meta property=\"og:locale\" content=\"es_ES\" \/>\n<meta property=\"og:type\" content=\"article\" \/>\n<meta property=\"og:title\" content=\"Blog Siroco Tours Marruecos\" \/>\n<meta property=\"og:description\" content=\"Neste Blog vai encontrar as melhores dicas para a sua viagem em Marrocos. Descubra conosco curiosidades, tradi\u00e7\u00f5es e at\u00e9 segredos deste pa\u00eds!\" \/>\n<meta property=\"og:url\" content=\"https:\/\/sirocotours.com\/es\/blog-siroco-tours-marruecos\/\" \/>\n<meta property=\"og:site_name\" content=\"Siroco Tours | Tours e Pacotes para Marrocos\" \/>\n<meta property=\"article:modified_time\" content=\"2026-03-11T19:18:00+00:00\" \/>\n<meta name=\"twitter:card\" content=\"summary_large_image\" \/>\n<meta name=\"twitter:label1\" content=\"Tiempo de lectura\" \/>\n\t<meta name=\"twitter:data1\" content=\"2 minutos\" \/>\n<script type=\"application\/ld+json\" class=\"yoast-schema-graph\">{\"@context\":\"https:\/\/schema.org\",\"@graph\":[{\"@type\":\"WebPage\",\"@id\":\"https:\/\/sirocotours.com\/es\/blog-siroco-tours-marruecos\/\",\"url\":\"https:\/\/sirocotours.com\/es\/blog-siroco-tours-marruecos\/\",\"name\":\"Blog Siroco Tours Marruecos -\",\"isPartOf\":{\"@id\":\"https:\/\/sirocotours.com\/#website\"},\"datePublished\":\"2024-07-03T11:43:44+00:00\",\"dateModified\":\"2026-03-11T19:18:00+00:00\",\"description\":\"Neste Blog vai encontrar as melhores dicas para a sua viagem em Marrocos. Descubra conosco curiosidades, tradi\u00e7\u00f5es e at\u00e9 segredos deste pa\u00eds!\",\"breadcrumb\":{\"@id\":\"https:\/\/sirocotours.com\/es\/blog-siroco-tours-marruecos\/#breadcrumb\"},\"inLanguage\":\"es\",\"potentialAction\":[{\"@type\":\"ReadAction\",\"target\":[\"https:\/\/sirocotours.com\/es\/blog-siroco-tours-marruecos\/\"]}]},{\"@type\":\"BreadcrumbList\",\"@id\":\"https:\/\/sirocotours.com\/es\/blog-siroco-tours-marruecos\/#breadcrumb\",\"itemListElement\":[{\"@type\":\"ListItem\",\"position\":1,\"name\":\"In\u00edcio\",\"item\":\"https:\/\/sirocotours.com\/es\/siroco-tours-marrocos-pacotes-marrocos\/\"},{\"@type\":\"ListItem\",\"position\":2,\"name\":\"Blog Siroco Tours Marruecos\"}]},{\"@type\":\"WebSite\",\"@id\":\"https:\/\/sirocotours.com\/#website\",\"url\":\"https:\/\/sirocotours.com\/\",\"name\":\"Siroco Tours | Tours e Pacotes para Marrocos\",\"description\":\"Siroco Tours | Tours e Excurs\u00f5es para Marrocos\",\"publisher\":{\"@id\":\"https:\/\/sirocotours.com\/#organization\"},\"potentialAction\":[{\"@type\":\"SearchAction\",\"target\":{\"@type\":\"EntryPoint\",\"urlTemplate\":\"https:\/\/sirocotours.com\/?s={search_term_string}\"},\"query-input\":{\"@type\":\"PropertyValueSpecification\",\"valueRequired\":true,\"valueName\":\"search_term_string\"}}],\"inLanguage\":\"es\"},{\"@type\":\"Organization\",\"@id\":\"https:\/\/sirocotours.com\/#organization\",\"name\":\"Siroco Tours | Tours e Pacotes para Marrocos\",\"url\":\"https:\/\/sirocotours.com\/\",\"logo\":{\"@type\":\"ImageObject\",\"inLanguage\":\"es\",\"@id\":\"https:\/\/sirocotours.com\/#\/schema\/logo\/image\/\",\"url\":\"https:\/\/sirocotours.com\/wp-content\/uploads\/2024\/05\/logotipo.png\",\"contentUrl\":\"https:\/\/sirocotours.com\/wp-content\/uploads\/2024\/05\/logotipo.png\",\"width\":1080,\"height\":393,\"caption\":\"Siroco Tours | Tours e Pacotes para Marrocos\"},\"image\":{\"@id\":\"https:\/\/sirocotours.com\/#\/schema\/logo\/image\/\"}}]}<\/script>\n<!-- \/ Yoast SEO Premium plugin. -->","yoast_head_json":{"title":"Blog Siroco Tours Marruecos -","description":"Neste Blog vai encontrar as melhores dicas para a sua viagem em Marrocos. Descubra conosco curiosidades, tradi\u00e7\u00f5es e at\u00e9 segredos deste pa\u00eds!","robots":{"index":"index","follow":"follow","max-snippet":"max-snippet:-1","max-image-preview":"max-image-preview:large","max-video-preview":"max-video-preview:-1"},"canonical":"https:\/\/sirocotours.com\/es\/blog-siroco-tours-marruecos\/","og_locale":"es_ES","og_type":"article","og_title":"Blog Siroco Tours Marruecos","og_description":"Neste Blog vai encontrar as melhores dicas para a sua viagem em Marrocos. Descubra conosco curiosidades, tradi\u00e7\u00f5es e at\u00e9 segredos deste pa\u00eds!","og_url":"https:\/\/sirocotours.com\/es\/blog-siroco-tours-marruecos\/","og_site_name":"Siroco Tours | Tours e Pacotes para Marrocos","article_modified_time":"2026-03-11T19:18:00+00:00","twitter_card":"summary_large_image","twitter_misc":{"Tiempo de lectura":"2 minutos"},"schema":{"@context":"https:\/\/schema.org","@graph":[{"@type":"WebPage","@id":"https:\/\/sirocotours.com\/es\/blog-siroco-tours-marruecos\/","url":"https:\/\/sirocotours.com\/es\/blog-siroco-tours-marruecos\/","name":"Blog Siroco Tours Marruecos -","isPartOf":{"@id":"https:\/\/sirocotours.com\/#website"},"datePublished":"2024-07-03T11:43:44+00:00","dateModified":"2026-03-11T19:18:00+00:00","description":"Neste Blog vai encontrar as melhores dicas para a sua viagem em Marrocos. Descubra conosco curiosidades, tradi\u00e7\u00f5es e at\u00e9 segredos deste pa\u00eds!","breadcrumb":{"@id":"https:\/\/sirocotours.com\/es\/blog-siroco-tours-marruecos\/#breadcrumb"},"inLanguage":"es","potentialAction":[{"@type":"ReadAction","target":["https:\/\/sirocotours.com\/es\/blog-siroco-tours-marruecos\/"]}]},{"@type":"BreadcrumbList","@id":"https:\/\/sirocotours.com\/es\/blog-siroco-tours-marruecos\/#breadcrumb","itemListElement":[{"@type":"ListItem","position":1,"name":"In\u00edcio","item":"https:\/\/sirocotours.com\/es\/siroco-tours-marrocos-pacotes-marrocos\/"},{"@type":"ListItem","position":2,"name":"Blog Siroco Tours Marruecos"}]},{"@type":"WebSite","@id":"https:\/\/sirocotours.com\/#website","url":"https:\/\/sirocotours.com\/","name":"Siroco Tours | Tours e Pacotes para Marrocos","description":"Siroco Tours | Tours e Excurs\u00f5es para Marrocos","publisher":{"@id":"https:\/\/sirocotours.com\/#organization"},"potentialAction":[{"@type":"SearchAction","target":{"@type":"EntryPoint","urlTemplate":"https:\/\/sirocotours.com\/?s={search_term_string}"},"query-input":{"@type":"PropertyValueSpecification","valueRequired":true,"valueName":"search_term_string"}}],"inLanguage":"es"},{"@type":"Organization","@id":"https:\/\/sirocotours.com\/#organization","name":"Siroco Tours | Tours e Pacotes para Marrocos","url":"https:\/\/sirocotours.com\/","logo":{"@type":"ImageObject","inLanguage":"es","@id":"https:\/\/sirocotours.com\/#\/schema\/logo\/image\/","url":"https:\/\/sirocotours.com\/wp-content\/uploads\/2024\/05\/logotipo.png","contentUrl":"https:\/\/sirocotours.com\/wp-content\/uploads\/2024\/05\/logotipo.png","width":1080,"height":393,"caption":"Siroco Tours | Tours e Pacotes para Marrocos"},"image":{"@id":"https:\/\/sirocotours.com\/#\/schema\/logo\/image\/"}}]}},"_links":{"self":[{"href":"https:\/\/sirocotours.com\/es\/wp-json\/wp\/v2\/pages\/14844","targetHints":{"allow":["GET"]}}],"collection":[{"href":"https:\/\/sirocotours.com\/es\/wp-json\/wp\/v2\/pages"}],"about":[{"href":"https:\/\/sirocotours.com\/es\/wp-json\/wp\/v2\/types\/page"}],"author":[{"embeddable":true,"href":"https:\/\/sirocotours.com\/es\/wp-json\/wp\/v2\/users\/4"}],"replies":[{"embeddable":true,"href":"https:\/\/sirocotours.com\/es\/wp-json\/wp\/v2\/comments?post=14844"}],"version-history":[{"count":6,"href":"https:\/\/sirocotours.com\/es\/wp-json\/wp\/v2\/pages\/14844\/revisions"}],"predecessor-version":[{"id":18447,"href":"https:\/\/sirocotours.com\/es\/wp-json\/wp\/v2\/pages\/14844\/revisions\/18447"}],"wp:attachment":[{"href":"https:\/\/sirocotours.com\/es\/wp-json\/wp\/v2\/media?parent=14844"}],"curies":[{"name":"wp","href":"https:\/\/api.w.org\/{rel}","templated":true}]}}