{"id":29397,"date":"2024-06-03T17:26:19","date_gmt":"2024-06-03T17:26:19","guid":{"rendered":"https:\/\/sirocotours.com\/activities-morocco\/"},"modified":"2026-03-27T10:24:33","modified_gmt":"2026-03-27T10:24:33","slug":"https-sirocotours-com-no-aktiviteter","status":"publish","type":"page","link":"https:\/\/sirocotours.com\/no\/https-sirocotours-com-no-aktiviteter\/","title":{"rendered":"Aktiviteter"},"content":{"rendered":"<section class=\"wpb-content-wrapper\"><p>[vc_row wrap_container=&raquo;yes&raquo; css=&raquo;.vc_custom_1718382766228{padding-top: 70px !important;padding-bottom: 40px !important;}&raquo; conditional_render=&raquo;%5B%7B%22value_role%22%3A%22administrator%22%7D%5D&raquo;][vc_column][vc_custom_heading text=&raquo;Berik reisen din ved \u00e5 legge til aktiviteter og opplevelser&raquo; font_container=&raquo;tag:h3|text_align:center&raquo; use_theme_fonts=&raquo;yes&raquo; link=&raquo;url:https%3A%2F%2Fsirocotours.com%2Fno%2Faktiviteter-3%2F|title:Activities&raquo;][\/vc_column][vc_column width=&raquo;1\/12&#8243; css=&raquo;.vc_custom_1718382727473{padding-top: 84px !important;}&raquo; conditional_render=&raquo;%5B%7B%22value_role%22%3A%22administrator%22%7D%5D&raquo;][\/vc_column][vc_column width=&raquo;5\/6&#8243; conditional_render=&raquo;%5B%7B%22value_role%22%3A%22administrator%22%7D%5D&raquo;][vc_column_text]<\/p>\n<div class=\"text-base my-auto mx-auto pb-10 [--thread-content-margin:--spacing(4)] @w-sm\/main:[--thread-content-margin:--spacing(6)] @w-lg\/main:[--thread-content-margin:--spacing(16)] px-(--thread-content-margin)\">\n<div class=\"[--thread-content-max-width:40rem] @w-lg\/main:[--thread-content-max-width:48rem] mx-auto max-w-(--thread-content-max-width) flex-1 group\/turn-messages focus-visible:outline-hidden relative flex w-full min-w-0 flex-col agent-turn\" tabindex=\"-1\">\n<div class=\"flex max-w-full flex-col grow\">\n<div class=\"min-h-8 text-message relative flex w-full flex-col items-end gap-2 text-start break-words whitespace-normal [.text-message+&amp;]:mt-1\" dir=\"auto\" data-message-author-role=\"assistant\" data-message-id=\"52dba3b9-240c-4eaf-b8ff-5e744e6bb73b\" data-message-model-slug=\"gpt-5-mini\">\n<div class=\"flex w-full flex-col gap-1 empty:hidden first:pt-[1px]\">\n<div class=\"markdown prose dark:prose-invert w-full wrap-break-word dark markdown-new-styling\">\n<p data-start=\"0\" data-end=\"315\">Marokko er en destinasjon full av overraskelser, hvor hvert hj\u00f8rne avsl\u00f8rer en ny opplevelse. I tillegg til tradisjonelle reiseruter, som turer i de livlige medinaene i Marrakech eller kryssing av Sahara-\u00f8rkenen, tilbyr landet et bredt utvalg av ekstra aktiviteter som vil gj\u00f8re reisen din enda mer uforglemmelig.<\/p>\n<p data-start=\"317\" data-end=\"436\" data-is-last-node=\"\" data-is-only-node=\"\">Hva med \u00e5 legge til et ekstra innslag av eventyr eller avslapning p\u00e5 turen din? Sjekk ut noen uunnv\u00e6rlige alternativer!<\/p>\n<\/div>\n<\/div>\n<\/div>\n<\/div>\n<\/div>\n<\/div>\n<p>[\/vc_column_text][\/vc_column][vc_column width=&raquo;1\/12&#8243; conditional_render=&raquo;%5B%7B%22value_role%22%3A%22administrator%22%7D%5D&raquo;][\/vc_column][\/vc_row][vc_row wrap_container=&raquo;yes&raquo; conditional_render=&raquo;%5B%7B%22value_role%22%3A%22administrator%22%7D%5D&raquo; el_class=&raquo;atividades&raquo;][vc_column conditional_render=&raquo;%5B%7B%22value_role%22%3A%22administrator%22%7D%5D&raquo;]<div id=\"porto-blog-2684\" class=\"porto-blog wpb_content_element   wpb_custom_8ff8fd3f46a5f910a22742b9becc65a8\">\t\t<div class=\"blog-posts posts-grid blog-posts-modern\">\n\t\t\t<div class=\"posts-container row\">\n\t\t\n<article class=\"post post-modern hide-post-date post-title-simple post-30121 post type-post status-publish format-standard has-post-thumbnail hentry category-atividades-no\">\n\t<div class=\"post-image single\">\n\t\t<div class=\"post-slideshow porto-carousel owl-carousel has-ccols ccols-1  nav-inside nav-inside-center nav-style-2 show-nav-hover\" data-plugin-options='{\"nav\":true}'>\n\t\t\t\t\t\t\t\t\t\t\t<a href=\"https:\/\/sirocotours.com\/no\/tradisjonell-musikk-fra-gnaoua-folket\/\" aria-label=\"post image\">\n\t\t\t\t\t\t\t\t<div class=\"img-thumbnail\">\n\t\t\t\t\t\t<img decoding=\"async\" width=\"378\" height=\"504\" src=\"https:\/\/sirocotours.com\/wp-content\/uploads\/2025\/05\/gnaoua-peoples-378x504.jpg\" class=\"owl-lazy img-responsive\" alt=\"\" \/>\t\t\t\t\t\t\t\t\t\t\t\t\t<span class=\"zoom\" data-src=\"https:\/\/sirocotours.com\/wp-content\/uploads\/2025\/05\/gnaoua-peoples.jpg\" data-title=\"Screenshot\"><i class=\"fas fa-search\"><\/i><\/span>\n\t\t\t\t\t\t\t\t\t\t\t<\/div>\n\t\t\t\t\t\t\t\t<\/a>\n\t\t\t\t\t\t\t\t<\/div>\n\t\t\n\t\t\t<\/div>\n\t\n\t\n\t<div class=\"post-content\">\n\n\t\t<h2 class=\"entry-title\"><a href=\"https:\/\/sirocotours.com\/no\/tradisjonell-musikk-fra-gnaoua-folket\/\">Tradisjonell musikk fra Gnaoua folket<\/a><\/h2>\n\t\t<div class=\"post-meta\"><\/div><span class=\"vcard\" style=\"display: none;\"><span class=\"fn\"><a href=\"https:\/\/sirocotours.com\/no\/author\/reservationssirocotours-com\/\" title=\"Innlegg av Siroco\" rel=\"author\">Siroco<\/a><\/span><\/span><span class=\"updated\" style=\"display:none\">2026-01-26T12:49:19+00:00<\/span><p class=\"post-excerpt\">I den lille landsbyen Khamlia, som ligger i utkanten av Merzouga,...<\/p>\t\t\t<\/div>\n\n\t<!-- Post meta after content -->\n\t\n\t<div class=\"clearfix\">\n\t\t\t\t\t\t<a class=\"btn-readmore\" href=\"https:\/\/sirocotours.com\/no\/tradisjonell-musikk-fra-gnaoua-folket\/\">Leia mais<\/a>\n\t\t\t\t<\/div>\n<\/article>\n\n<article class=\"post post-modern hide-post-date post-title-simple post-30227 post type-post status-publish format-standard has-post-thumbnail hentry category-atividades-no\">\n\t<div class=\"post-image single\">\n\t\t<div class=\"post-slideshow porto-carousel owl-carousel has-ccols ccols-1  nav-inside nav-inside-center nav-style-2 show-nav-hover\" data-plugin-options='{\"nav\":true}'>\n\t\t\t\t\t\t\t\t\t\t\t<a href=\"https:\/\/sirocotours.com\/no\/en-vandring-gjennom-oasen-i-ziz-dalen\/\" aria-label=\"post image\">\n\t\t\t\t\t\t\t\t<div class=\"img-thumbnail\">\n\t\t\t\t\t\t<img decoding=\"async\" width=\"378\" height=\"504\" src=\"https:\/\/sirocotours.com\/wp-content\/uploads\/2025\/05\/WhatsApp-Image-2025-05-07-at-10.55.39-378x504.jpeg\" class=\"owl-lazy img-responsive\" alt=\"\" \/>\t\t\t\t\t\t\t\t\t\t\t\t\t<span class=\"zoom\" data-src=\"https:\/\/sirocotours.com\/wp-content\/uploads\/2025\/05\/WhatsApp-Image-2025-05-07-at-10.55.39.jpeg\" data-title=\"\"><i class=\"fas fa-search\"><\/i><\/span>\n\t\t\t\t\t\t\t\t\t\t\t<\/div>\n\t\t\t\t\t\t\t\t<\/a>\n\t\t\t\t\t\t\t\t<\/div>\n\t\t\n\t\t\t<\/div>\n\t\n\t\n\t<div class=\"post-content\">\n\n\t\t<h2 class=\"entry-title\"><a href=\"https:\/\/sirocotours.com\/no\/en-vandring-gjennom-oasen-i-ziz-dalen\/\">En vandring gjennom oasen i Ziz-dalen<\/a><\/h2>\n\t\t<div class=\"post-meta\"><\/div><span class=\"vcard\" style=\"display: none;\"><span class=\"fn\"><a href=\"https:\/\/sirocotours.com\/no\/author\/reservationssirocotours-com\/\" title=\"Innlegg av Siroco\" rel=\"author\">Siroco<\/a><\/span><\/span><span class=\"updated\" style=\"display:none\">2026-01-27T13:01:58+00:00<\/span><p class=\"post-excerpt\">\r\nLegg ut p\u00e5 en reise gjennom Marokkos st\u00f8rste oase: Den uforglemmelige...<\/p>\t\t\t<\/div>\n\n\t<!-- Post meta after content -->\n\t\n\t<div class=\"clearfix\">\n\t\t\t\t\t\t<a class=\"btn-readmore\" href=\"https:\/\/sirocotours.com\/no\/en-vandring-gjennom-oasen-i-ziz-dalen\/\">Leia mais<\/a>\n\t\t\t\t<\/div>\n<\/article>\n\n\t\n\t\t\t<\/div>\n\t\t<\/div>\n\n\t\n\t\t\t\t\n\t<\/div>[\/vc_column][\/vc_row][vc_row full_width=&raquo;stretch_row_content_no_spaces&raquo; conditional_render=&raquo;%5B%7B%22value_role%22%3A%22administrator%22%7D%5D&raquo; css=&raquo;.vc_custom_1718277594278{margin-bottom: 0px !important;padding-bottom: 0px !important;}&raquo; el_class=&raquo;portfolio&raquo;][vc_column][vc_btn title=&raquo;Utforsk Turer&raquo; style=&raquo;outline&raquo; shape=&raquo;rounded&raquo; size=&raquo;xl&raquo; align=&raquo;center&raquo; i_align=&raquo;right&raquo; i_icon_fontawesome=&raquo;fas fa-long-arrow-alt-right&raquo; skin=&raquo;light&raquo; btn_fs=&raquo;15px&raquo; btn_fw=&raquo;500&#8243; btn_ls=&raquo;0&#8243; animation_delay=&raquo;1800&#8243; add_icon=&raquo;true&raquo; link=&raquo;url:https%3A%2F%2Fsirocotours.com%2Fno%2Ftours-marrocos%2F|title:Tours%20Marrocos%20Siroco&raquo; btn_px=&raquo;37.4px&raquo; btn_py=&raquo;16px&raquo; css=&raquo;.vc_custom_1770112100373{margin-top: 25px !important;}&raquo; el_class=&raquo;botao-branco&raquo;][\/vc_column][\/vc_row][vc_row full_width=&raquo;stretch_row&raquo; wrap_container=&raquo;yes&raquo; conditional_render=&raquo;%5B%7B%22value_role%22%3A%22administrator%22%7D%5D&raquo; css=&raquo;.vc_custom_1721386072436{padding-top: 80px !important;padding-bottom: 40px !important;background-position: center !important;background-repeat: no-repeat !important;background-size: cover !important;}&raquo;][vc_column conditional_render=&raquo;%5B%7B%22value_role%22%3A%22administrator%22%7D%5D&raquo;][\/vc_column][\/vc_row]<\/p>\n<\/section>","protected":false},"excerpt":{"rendered":"<p>[vc_row wrap_container=&raquo;yes&raquo; css=&raquo;.vc_custom_1718382766228{padding-top: 70px !important;padding-bottom: 40px !important;}&raquo; conditional_render=&raquo;%5B%7B%22value_role%22%3A%22administrator%22%7D%5D&raquo;][vc_column][vc_custom_heading text=&raquo;Berik reisen din ved \u00e5 legge til aktiviteter og opplevelser&raquo; font_container=&raquo;tag:h3|text_align:center&raquo; use_theme_fonts=&raquo;yes&raquo; link=&raquo;url:https%3A%2F%2Fsirocotours.com%2Fno%2Faktiviteter-3%2F|title:Activities&raquo;][\/vc_column][vc_column width=&raquo;1\/12&#8243; css=&raquo;.vc_custom_1718382727473{padding-top: 84px !important;}&raquo; conditional_render=&raquo;%5B%7B%22value_role%22%3A%22administrator%22%7D%5D&raquo;][\/vc_column][vc_column width=&raquo;5\/6&#8243; conditional_render=&raquo;%5B%7B%22value_role%22%3A%22administrator%22%7D%5D&raquo;][vc_column_text] Marokko er en destinasjon full av overraskelser, hvor hvert hj\u00f8rne avsl\u00f8rer en ny opplevelse. I tillegg til tradisjonelle reiseruter, som turer i de livlige medinaene i Marrakech [&hellip;]<\/p>\n","protected":false},"author":6,"featured_media":0,"parent":0,"menu_order":0,"comment_status":"closed","ping_status":"closed","template":"","meta":{"_acf_changed":false,"_monsterinsights_skip_tracking":false,"_monsterinsights_sitenote_active":false,"_monsterinsights_sitenote_note":"","_monsterinsights_sitenote_category":0,"_uf_show_specific_survey":0,"_uf_disable_surveys":false,"footnotes":""},"class_list":["post-29397","page","type-page","status-publish","hentry"],"acf":[],"yoast_head":"<!-- This site is optimized with the Yoast SEO Premium plugin v23.3 (Yoast SEO v23.7) - https:\/\/yoast.com\/wordpress\/plugins\/seo\/ -->\n<title>Aktiviteter -<\/title>\n<meta name=\"description\" content=\"Siroco Tours Activities - From adventure activities to cultural tours, we offer several extra activities to make the most of Morocco&#039;s charms.\" \/>\n<meta name=\"robots\" content=\"index, follow, max-snippet:-1, max-image-preview:large, max-video-preview:-1\" \/>\n<link rel=\"canonical\" href=\"https:\/\/sirocotours.com\/no\/https-sirocotours-com-no-aktiviteter\/\" \/>\n<meta property=\"og:locale\" content=\"nb_NO\" \/>\n<meta property=\"og:type\" content=\"article\" \/>\n<meta property=\"og:title\" content=\"Aktiviteter\" \/>\n<meta property=\"og:description\" content=\"Siroco Tours Activities - From adventure activities to cultural tours, we offer several extra activities to make the most of Morocco&#039;s charms.\" \/>\n<meta property=\"og:url\" content=\"https:\/\/sirocotours.com\/no\/https-sirocotours-com-no-aktiviteter\/\" \/>\n<meta property=\"og:site_name\" content=\"Siroco Tours | Tours e Pacotes para Marrocos\" \/>\n<meta property=\"article:modified_time\" content=\"2026-03-27T10:24:33+00:00\" \/>\n<meta name=\"twitter:card\" content=\"summary_large_image\" \/>\n<meta name=\"twitter:label1\" content=\"Ansl. lesetid\" \/>\n\t<meta name=\"twitter:data1\" content=\"1 minutt\" \/>\n<script type=\"application\/ld+json\" class=\"yoast-schema-graph\">{\"@context\":\"https:\/\/schema.org\",\"@graph\":[{\"@type\":\"WebPage\",\"@id\":\"https:\/\/sirocotours.com\/no\/https-sirocotours-com-no-aktiviteter\/\",\"url\":\"https:\/\/sirocotours.com\/no\/https-sirocotours-com-no-aktiviteter\/\",\"name\":\"Aktiviteter -\",\"isPartOf\":{\"@id\":\"https:\/\/sirocotours.com\/#website\"},\"datePublished\":\"2024-06-03T17:26:19+00:00\",\"dateModified\":\"2026-03-27T10:24:33+00:00\",\"description\":\"Siroco Tours Activities - From adventure activities to cultural tours, we offer several extra activities to make the most of Morocco's charms.\",\"breadcrumb\":{\"@id\":\"https:\/\/sirocotours.com\/no\/https-sirocotours-com-no-aktiviteter\/#breadcrumb\"},\"inLanguage\":\"nb-NO\",\"potentialAction\":[{\"@type\":\"ReadAction\",\"target\":[\"https:\/\/sirocotours.com\/no\/https-sirocotours-com-no-aktiviteter\/\"]}]},{\"@type\":\"BreadcrumbList\",\"@id\":\"https:\/\/sirocotours.com\/no\/https-sirocotours-com-no-aktiviteter\/#breadcrumb\",\"itemListElement\":[{\"@type\":\"ListItem\",\"position\":1,\"name\":\"In\u00edcio\",\"item\":\"https:\/\/sirocotours.com\/no\/\"},{\"@type\":\"ListItem\",\"position\":2,\"name\":\"Aktiviteter\"}]},{\"@type\":\"WebSite\",\"@id\":\"https:\/\/sirocotours.com\/#website\",\"url\":\"https:\/\/sirocotours.com\/\",\"name\":\"Siroco Tours | Tours e Pacotes para Marrocos\",\"description\":\"Siroco Tours | Tours e Excurs\u00f5es para Marrocos\",\"publisher\":{\"@id\":\"https:\/\/sirocotours.com\/#organization\"},\"potentialAction\":[{\"@type\":\"SearchAction\",\"target\":{\"@type\":\"EntryPoint\",\"urlTemplate\":\"https:\/\/sirocotours.com\/?s={search_term_string}\"},\"query-input\":{\"@type\":\"PropertyValueSpecification\",\"valueRequired\":true,\"valueName\":\"search_term_string\"}}],\"inLanguage\":\"nb-NO\"},{\"@type\":\"Organization\",\"@id\":\"https:\/\/sirocotours.com\/#organization\",\"name\":\"Siroco Tours | Tours e Pacotes para Marrocos\",\"url\":\"https:\/\/sirocotours.com\/\",\"logo\":{\"@type\":\"ImageObject\",\"inLanguage\":\"nb-NO\",\"@id\":\"https:\/\/sirocotours.com\/#\/schema\/logo\/image\/\",\"url\":\"https:\/\/sirocotours.com\/wp-content\/uploads\/2024\/05\/logotipo.png\",\"contentUrl\":\"https:\/\/sirocotours.com\/wp-content\/uploads\/2024\/05\/logotipo.png\",\"width\":1080,\"height\":393,\"caption\":\"Siroco Tours | Tours e Pacotes para Marrocos\"},\"image\":{\"@id\":\"https:\/\/sirocotours.com\/#\/schema\/logo\/image\/\"}}]}<\/script>\n<!-- \/ Yoast SEO Premium plugin. -->","yoast_head_json":{"title":"Aktiviteter -","description":"Siroco Tours Activities - From adventure activities to cultural tours, we offer several extra activities to make the most of Morocco's charms.","robots":{"index":"index","follow":"follow","max-snippet":"max-snippet:-1","max-image-preview":"max-image-preview:large","max-video-preview":"max-video-preview:-1"},"canonical":"https:\/\/sirocotours.com\/no\/https-sirocotours-com-no-aktiviteter\/","og_locale":"nb_NO","og_type":"article","og_title":"Aktiviteter","og_description":"Siroco Tours Activities - From adventure activities to cultural tours, we offer several extra activities to make the most of Morocco's charms.","og_url":"https:\/\/sirocotours.com\/no\/https-sirocotours-com-no-aktiviteter\/","og_site_name":"Siroco Tours | Tours e Pacotes para Marrocos","article_modified_time":"2026-03-27T10:24:33+00:00","twitter_card":"summary_large_image","twitter_misc":{"Ansl. lesetid":"1 minutt"},"schema":{"@context":"https:\/\/schema.org","@graph":[{"@type":"WebPage","@id":"https:\/\/sirocotours.com\/no\/https-sirocotours-com-no-aktiviteter\/","url":"https:\/\/sirocotours.com\/no\/https-sirocotours-com-no-aktiviteter\/","name":"Aktiviteter -","isPartOf":{"@id":"https:\/\/sirocotours.com\/#website"},"datePublished":"2024-06-03T17:26:19+00:00","dateModified":"2026-03-27T10:24:33+00:00","description":"Siroco Tours Activities - From adventure activities to cultural tours, we offer several extra activities to make the most of Morocco's charms.","breadcrumb":{"@id":"https:\/\/sirocotours.com\/no\/https-sirocotours-com-no-aktiviteter\/#breadcrumb"},"inLanguage":"nb-NO","potentialAction":[{"@type":"ReadAction","target":["https:\/\/sirocotours.com\/no\/https-sirocotours-com-no-aktiviteter\/"]}]},{"@type":"BreadcrumbList","@id":"https:\/\/sirocotours.com\/no\/https-sirocotours-com-no-aktiviteter\/#breadcrumb","itemListElement":[{"@type":"ListItem","position":1,"name":"In\u00edcio","item":"https:\/\/sirocotours.com\/no\/"},{"@type":"ListItem","position":2,"name":"Aktiviteter"}]},{"@type":"WebSite","@id":"https:\/\/sirocotours.com\/#website","url":"https:\/\/sirocotours.com\/","name":"Siroco Tours | Tours e Pacotes para Marrocos","description":"Siroco Tours | Tours e Excurs\u00f5es para Marrocos","publisher":{"@id":"https:\/\/sirocotours.com\/#organization"},"potentialAction":[{"@type":"SearchAction","target":{"@type":"EntryPoint","urlTemplate":"https:\/\/sirocotours.com\/?s={search_term_string}"},"query-input":{"@type":"PropertyValueSpecification","valueRequired":true,"valueName":"search_term_string"}}],"inLanguage":"nb-NO"},{"@type":"Organization","@id":"https:\/\/sirocotours.com\/#organization","name":"Siroco Tours | Tours e Pacotes para Marrocos","url":"https:\/\/sirocotours.com\/","logo":{"@type":"ImageObject","inLanguage":"nb-NO","@id":"https:\/\/sirocotours.com\/#\/schema\/logo\/image\/","url":"https:\/\/sirocotours.com\/wp-content\/uploads\/2024\/05\/logotipo.png","contentUrl":"https:\/\/sirocotours.com\/wp-content\/uploads\/2024\/05\/logotipo.png","width":1080,"height":393,"caption":"Siroco Tours | Tours e Pacotes para Marrocos"},"image":{"@id":"https:\/\/sirocotours.com\/#\/schema\/logo\/image\/"}}]}},"_links":{"self":[{"href":"https:\/\/sirocotours.com\/no\/wp-json\/wp\/v2\/pages\/29397","targetHints":{"allow":["GET"]}}],"collection":[{"href":"https:\/\/sirocotours.com\/no\/wp-json\/wp\/v2\/pages"}],"about":[{"href":"https:\/\/sirocotours.com\/no\/wp-json\/wp\/v2\/types\/page"}],"author":[{"embeddable":true,"href":"https:\/\/sirocotours.com\/no\/wp-json\/wp\/v2\/users\/6"}],"replies":[{"embeddable":true,"href":"https:\/\/sirocotours.com\/no\/wp-json\/wp\/v2\/comments?post=29397"}],"version-history":[{"count":6,"href":"https:\/\/sirocotours.com\/no\/wp-json\/wp\/v2\/pages\/29397\/revisions"}],"predecessor-version":[{"id":30424,"href":"https:\/\/sirocotours.com\/no\/wp-json\/wp\/v2\/pages\/29397\/revisions\/30424"}],"wp:attachment":[{"href":"https:\/\/sirocotours.com\/no\/wp-json\/wp\/v2\/media?parent=29397"}],"curies":[{"name":"wp","href":"https:\/\/api.w.org\/{rel}","templated":true}]}}