{"id":30911,"date":"2024-06-14T14:49:41","date_gmt":"2024-06-14T14:49:41","guid":{"rendered":"https:\/\/sirocotours.com\/?page_id=30911"},"modified":"2026-03-27T10:38:02","modified_gmt":"2026-03-27T10:38:02","slug":"https-sirocotours-com-no-kontakt-7","status":"publish","type":"page","link":"https:\/\/sirocotours.com\/no\/https-sirocotours-com-no-kontakt-7\/","title":{"rendered":"Kontakt"},"content":{"rendered":"<section class=\"wpb-content-wrapper\"><p>[vc_row css=&raquo;.vc_custom_1724772636220{padding-top: 3em !important;}&raquo; conditional_render=&raquo;%5B%7B%22value_role%22%3A%22administrator%22%7D%5D&raquo;][vc_column][vc_custom_heading text=&raquo;Vi st\u00e5r klare til \u00e5 hjelpe deg med \u00e5 skreddersy reiseruten din.&raquo; font_container=&raquo;tag:h3|text_align:center&raquo; use_theme_fonts=&raquo;yes&raquo;][\/vc_column][\/vc_row][vc_row wrap_container=&raquo;yes&raquo; no_padding=&raquo;yes&raquo; css=&raquo;.vc_custom_1727459155759{border-bottom-width: 0px !important;padding-top: 25px !important;padding-bottom: 73px !important;border-bottom-color: #ece8dc !important;border-bottom-style: solid !important;}&raquo; el_class=&raquo;flex-wrap&raquo; el_id=&raquo;formulario&raquo; conditional_render=&raquo;%5B%7B%22value_role%22%3A%22administrator%22%7D%5D&raquo;][vc_column width=&raquo;1\/3&#8243; conditional_render=&raquo;%5B%7B%22value_role%22%3A%22administrator%22%7D%5D&raquo; css=&raquo;.vc_custom_1727459553356{margin-left: 50px !important;padding-top: 56px !important;}&raquo;]<div class=\"porto-u-heading  wpb_custom_0b6dcf34d54e22673bb2aa52d678e372 porto-u-8075\"><div class=\"porto-u-main-heading\"><h2   style=\"color:#08495d;margin-bottom: 4px;\">Trenger du hjelp?<\/h2><\/div><div class=\"porto-u-sub-heading\" style=\"margin-bottom:30px;\">Trenger du hjelp eller har du noen sp\u00f8rsm\u00e5l? Ikke n\u00f8l, du kan kontakte oss direkte via telefon eller WhatsApp.<\/div><style>.porto-u-8075.porto-u-heading{text-align:left}<\/style><\/div><div class=\"porto-u-heading custom-hover-primary mb-0  wpb_custom_da28e1c204bca43d8e5cee3cdbdfabf1 porto-u-9008\"><div class=\"porto-u-sub-heading\" style=\"\">\n<ul class=\"list list-unstyled\">\n<li class=\"d-flex align-items-center font-weight-semibold mb-3\"><i class=\"Simple-Line-Icons-phone text-color-primary font-weight-bold me-1 pe-2 m-b-n-xxs\" style=\"font-size: 22px;\"><\/i> PORTUGAL<\/li>\n<li class=\"d-flex align-items-center mb-3\"><a class=\"d-inline-flex align-items-center text-decoration-none text-color-primary \" href=\"tel:+351923578090\">+351\u00a0923\u00a0578\u00a0090<\/a><\/li>\n<\/ul>\n<p><\/div><style>.porto-u-9008.porto-u-heading{text-align:left}<\/style><\/div>[vc_separator color=&raquo;custom&raquo; style=&raquo;solid&raquo; css=&raquo;.vc_custom_1727458739117{margin-top: 5px !important;margin-bottom: 5px !important;}&raquo;]<div class=\"porto-u-heading custom-hover-primary mb-0  wpb_custom_da28e1c204bca43d8e5cee3cdbdfabf1 porto-u-2647\"><div class=\"porto-u-sub-heading\" style=\"\">\n<ul class=\"list list-unstyled\">\n<li class=\"d-flex align-items-center font-weight-semibold mb-3\"><i class=\"Simple-Line-Icons-phone text-color-primary font-weight-bold me-1 pe-2 m-b-n-xxs\" style=\"font-size: 22px;\"><\/i> BRASIL<\/li>\n<li class=\"d-flex align-items-center mb-3\"><a class=\"d-inline-flex align-items-center text-decoration-none text-color-primary \" href=\"tel:+551132809467\">+55 113 280 9467<\/a><\/li>\n<\/ul>\n<p><\/div><style>.porto-u-2647.porto-u-heading{text-align:left}<\/style><\/div>[vc_separator color=&raquo;custom&raquo; style=&raquo;solid&raquo; css=&raquo;.vc_custom_1727458739117{margin-top: 5px !important;margin-bottom: 5px !important;}&raquo;]<div class=\"porto-u-heading custom-hover-primary mb-0  wpb_custom_da28e1c204bca43d8e5cee3cdbdfabf1 porto-u-6748\"><div class=\"porto-u-sub-heading\" style=\"\">\n<ul class=\"list list-unstyled\">\n<li class=\"d-flex align-items-center font-weight-semibold mb-3\"><i class=\"Simple-Line-Icons-phone text-color-primary font-weight-bold me-1 pe-2 m-b-n-xxs\" style=\"font-size: 22px;\"><\/i> MARROCOS<\/li>\n<li class=\"d-flex align-items-center mb-3\"><a class=\"d-inline-flex align-items-center text-decoration-none text-color-primary \" href=\"tel:+212644957982\">+212 644 957 982<\/a><\/li>\n<\/ul>\n<p><\/div><style>.porto-u-6748.porto-u-heading{text-align:left}<\/style><\/div>[vc_separator color=&raquo;custom&raquo; style=&raquo;solid&raquo; css=&raquo;.vc_custom_1727458739117{margin-top: 5px !important;margin-bottom: 5px !important;}&raquo;]<div class=\"porto-u-heading custom-hover-primary mb-0  wpb_custom_da28e1c204bca43d8e5cee3cdbdfabf1 porto-u-7557\"><div class=\"porto-u-sub-heading\" style=\"\">\n<ul class=\"list list-unstyled\">\n<li class=\"d-flex align-items-center font-weight-semibold mb-3\"><i class=\"Simple-Line-Icons-phone text-color-primary font-weight-bold me-1 pe-2 m-b-n-xxs\" style=\"font-size: 22px;\"><\/i> USA<\/li>\n<li class=\"d-flex align-items-center mb-3\"><a class=\"d-inline-flex align-items-center text-decoration-none text-color-primary \" href=\"tel:+17162183861\">+1 716 218 3861<\/a><\/li>\n<\/ul>\n<p><\/div><style>.porto-u-7557.porto-u-heading{text-align:left}<\/style><\/div>[vc_separator color=&raquo;custom&raquo; style=&raquo;solid&raquo; css=&raquo;.vc_custom_1727458739117{margin-top: 5px !important;margin-bottom: 5px !important;}&raquo;]<div class=\"porto-u-heading custom-hover-primary mb-0  wpb_custom_da28e1c204bca43d8e5cee3cdbdfabf1 porto-u-3068\"><div class=\"porto-u-sub-heading\" style=\"\">\n<ul class=\"list list-unstyled\">\n<li class=\"d-flex align-items-center font-weight-semibold mb-3\"><i class=\"Simple-Line-Icons-phone text-color-primary font-weight-bold me-1 pe-2 m-b-n-xxs\" style=\"font-size: 22px;\"><\/i> CHINA<\/li>\n<li class=\"d-flex align-items-center mb-3\"><a class=\"d-inline-flex align-items-center text-decoration-none text-color-primary \" href=\"tel:+8615951813373\"> +86 159 5181 3373<\/a><\/li>\n<\/ul>\n<p><\/div><style>.porto-u-3068.porto-u-heading{text-align:left}<\/style><\/div>[\/vc_column][vc_column width=&raquo;2\/3&#8243; el_class=&raquo;ms-lg-auto me-lg-0 mx-auto col-xl-7 custom-form-control-group-style-1&#8243; css=&raquo;.vc_custom_1727459591396{margin-right: 50px !important;padding-top: 30px !important;padding-right: 50px !important;padding-bottom: 30px !important;padding-left: 50px !important;background-color: #ffffff !important;}&raquo; conditional_render=&raquo;%5B%7B%22value_role%22%3A%22administrator%22%7D%5D&raquo;]<div class=\"porto-u-heading  wpb_custom_0b6dcf34d54e22673bb2aa52d678e372 porto-u-6527\"><div class=\"porto-u-main-heading\"><h2   style=\"color:#08495d;margin-bottom: 4px;\">Preencha o formul\u00e1rio abaixo<\/h2><\/div><div class=\"porto-u-sub-heading\" style=\"margin-bottom:36px;\"><strong>Eller send oss en e-post til: <span style=\"text-decoration: underline;\"><a href=\"mailto:info@sirocotours.com\">info@sirocotours.com<\/a><\/span><\/strong><\/p>\n<p>Vi vil svare s\u00e5 snart som mulig.<\/div><style>.porto-u-6527.porto-u-heading{text-align:center}<\/style><\/div>[vc_raw_html el_class=&raquo;mb-0&#8243; css=&raquo;.vc_custom_1727459310192{padding-top: 30px !important;padding-right: 30px !important;padding-bottom: 30px !important;padding-left: 30px !important;}&raquo;]JTVCY29udGFjdC1mb3JtLTclMjBpZCUzRCUyMjgyNGVlOWQlMjIlMjB0aXRsZSUzRCUyMkNvbnRhY3RvcyUyMiU1RA==[\/vc_raw_html][\/vc_column][\/vc_row][vc_row full_width=&raquo;stretch_row_content_no_spaces&raquo; conditional_render=&raquo;%5B%7B%22value_role%22%3A%22administrator%22%7D%5D&raquo;][vc_column width=&raquo;1\/4&#8243;][vc_single_image image=&raquo;27233&#8243; img_size=&raquo;full&raquo; alignment=&raquo;center&raquo; css=&raquo;.vc_custom_1727359714354{margin-top: 0px !important;margin-right: 0px !important;margin-bottom: 0px !important;margin-left: 0px !important;padding-top: 0px !important;padding-right: 0px !important;padding-bottom: 0px !important;padding-left: 0px !important;}&raquo;][\/vc_column][vc_column width=&raquo;1\/4&#8243;][vc_single_image image=&raquo;27226&#8243; img_size=&raquo;full&raquo; alignment=&raquo;center&raquo; css=&raquo;.vc_custom_1727359812279{margin-top: 0px !important;margin-right: 0px !important;margin-bottom: 0px !important;margin-left: 0px !important;padding-top: 0px !important;padding-right: 0px !important;padding-bottom: 0px !important;padding-left: 0px !important;}&raquo;][\/vc_column][vc_column width=&raquo;1\/4&#8243;][vc_single_image image=&raquo;27221&#8243; img_size=&raquo;full&raquo; alignment=&raquo;center&raquo; css=&raquo;.vc_custom_1718379966709{margin-top: 0px !important;margin-right: 0px !important;margin-bottom: 0px !important;margin-left: 0px !important;padding-top: 0px !important;padding-right: 0px !important;padding-bottom: 0px !important;padding-left: 0px !important;}&raquo;][\/vc_column][vc_column width=&raquo;1\/4&#8243;][vc_single_image image=&raquo;27219&#8243; img_size=&raquo;full&raquo; alignment=&raquo;center&raquo; css=&raquo;.vc_custom_1718379985678{margin-top: 0px !important;margin-right: 0px !important;margin-bottom: 0px !important;margin-left: 0px !important;padding-top: 0px !important;padding-right: 0px !important;padding-bottom: 0px !important;padding-left: 0px !important;}&raquo;][\/vc_column][\/vc_row]<\/p>\n<\/section>","protected":false},"excerpt":{"rendered":"<p>[vc_row css=&raquo;.vc_custom_1724772636220{padding-top: 3em !important;}&raquo; conditional_render=&raquo;%5B%7B%22value_role%22%3A%22administrator%22%7D%5D&raquo;][vc_column][vc_custom_heading text=&raquo;Vi st\u00e5r klare til \u00e5 hjelpe deg med \u00e5 skreddersy reiseruten din.&raquo; font_container=&raquo;tag:h3|text_align:center&raquo; use_theme_fonts=&raquo;yes&raquo;][\/vc_column][\/vc_row][vc_row wrap_container=&raquo;yes&raquo; no_padding=&raquo;yes&raquo; css=&raquo;.vc_custom_1727459155759{border-bottom-width: 0px !important;padding-top: 25px !important;padding-bottom: 73px !important;border-bottom-color: #ece8dc !important;border-bottom-style: solid !important;}&raquo; el_class=&raquo;flex-wrap&raquo; el_id=&raquo;formulario&raquo; conditional_render=&raquo;%5B%7B%22value_role%22%3A%22administrator%22%7D%5D&raquo;][vc_column width=&raquo;1\/3&#8243; conditional_render=&raquo;%5B%7B%22value_role%22%3A%22administrator%22%7D%5D&raquo; css=&raquo;.vc_custom_1727459553356{margin-left: 50px !important;padding-top: 56px !important;}&raquo;][vc_separator color=&raquo;custom&raquo; style=&raquo;solid&raquo; css=&raquo;.vc_custom_1727458739117{margin-top: 5px !important;margin-bottom: 5px !important;}&raquo;][vc_separator color=&raquo;custom&raquo; style=&raquo;solid&raquo; css=&raquo;.vc_custom_1727458739117{margin-top: 5px !important;margin-bottom: 5px [&hellip;]<\/p>\n","protected":false},"author":4,"featured_media":0,"parent":0,"menu_order":0,"comment_status":"closed","ping_status":"closed","template":"","meta":{"_acf_changed":false,"_monsterinsights_skip_tracking":false,"_monsterinsights_sitenote_active":false,"_monsterinsights_sitenote_note":"","_monsterinsights_sitenote_category":0,"_uf_show_specific_survey":0,"_uf_disable_surveys":false,"footnotes":""},"class_list":["post-30911","page","type-page","status-publish","hentry"],"acf":[],"yoast_head":"<!-- This site is optimized with the Yoast SEO Premium plugin v23.3 (Yoast SEO v23.7) - https:\/\/yoast.com\/wordpress\/plugins\/seo\/ -->\n<title>Kontakt -<\/title>\n<meta name=\"robots\" content=\"index, follow, max-snippet:-1, max-image-preview:large, max-video-preview:-1\" \/>\n<link rel=\"canonical\" href=\"https:\/\/sirocotours.com\/no\/https-sirocotours-com-no-kontakt-7\/\" \/>\n<meta property=\"og:locale\" content=\"nb_NO\" \/>\n<meta property=\"og:type\" content=\"article\" \/>\n<meta property=\"og:title\" content=\"Kontakt\" \/>\n<meta property=\"og:description\" content=\"[vc_row css=&raquo;.vc_custom_1724772636220{padding-top: 3em !important;}&raquo; conditional_render=&raquo;%5B%7B%22value_role%22%3A%22administrator%22%7D%5D&raquo;][vc_column][vc_custom_heading text=&raquo;Vi st\u00e5r klare til \u00e5 hjelpe deg med \u00e5 skreddersy reiseruten din.&raquo; font_container=&raquo;tag:h3|text_align:center&raquo; use_theme_fonts=&raquo;yes&raquo;][\/vc_column][\/vc_row][vc_row wrap_container=&raquo;yes&raquo; no_padding=&raquo;yes&raquo; css=&raquo;.vc_custom_1727459155759{border-bottom-width: 0px !important;padding-top: 25px !important;padding-bottom: 73px !important;border-bottom-color: #ece8dc !important;border-bottom-style: solid !important;}&raquo; el_class=&raquo;flex-wrap&raquo; el_id=&raquo;formulario&raquo; conditional_render=&raquo;%5B%7B%22value_role%22%3A%22administrator%22%7D%5D&raquo;][vc_column width=&raquo;1\/3&#8243; conditional_render=&raquo;%5B%7B%22value_role%22%3A%22administrator%22%7D%5D&raquo; css=&raquo;.vc_custom_1727459553356{margin-left: 50px !important;padding-top: 56px !important;}&raquo;][vc_separator color=&raquo;custom&raquo; style=&raquo;solid&raquo; css=&raquo;.vc_custom_1727458739117{margin-top: 5px !important;margin-bottom: 5px !important;}&raquo;][vc_separator color=&raquo;custom&raquo; style=&raquo;solid&raquo; css=&raquo;.vc_custom_1727458739117{margin-top: 5px !important;margin-bottom: 5px [&hellip;]\" \/>\n<meta property=\"og:url\" content=\"https:\/\/sirocotours.com\/no\/https-sirocotours-com-no-kontakt-7\/\" \/>\n<meta property=\"og:site_name\" content=\"Siroco Tours | Tours e Pacotes para Marrocos\" \/>\n<meta property=\"article:modified_time\" content=\"2026-03-27T10:38:02+00:00\" \/>\n<meta name=\"twitter:card\" content=\"summary_large_image\" \/>\n<meta name=\"twitter:label1\" content=\"Ansl. lesetid\" \/>\n\t<meta name=\"twitter:data1\" content=\"3 minutter\" \/>\n<script type=\"application\/ld+json\" class=\"yoast-schema-graph\">{\"@context\":\"https:\/\/schema.org\",\"@graph\":[{\"@type\":\"WebPage\",\"@id\":\"https:\/\/sirocotours.com\/no\/https-sirocotours-com-no-kontakt-7\/\",\"url\":\"https:\/\/sirocotours.com\/no\/https-sirocotours-com-no-kontakt-7\/\",\"name\":\"Kontakt -\",\"isPartOf\":{\"@id\":\"https:\/\/sirocotours.com\/#website\"},\"datePublished\":\"2024-06-14T14:49:41+00:00\",\"dateModified\":\"2026-03-27T10:38:02+00:00\",\"breadcrumb\":{\"@id\":\"https:\/\/sirocotours.com\/no\/https-sirocotours-com-no-kontakt-7\/#breadcrumb\"},\"inLanguage\":\"nb-NO\",\"potentialAction\":[{\"@type\":\"ReadAction\",\"target\":[\"https:\/\/sirocotours.com\/no\/https-sirocotours-com-no-kontakt-7\/\"]}]},{\"@type\":\"BreadcrumbList\",\"@id\":\"https:\/\/sirocotours.com\/no\/https-sirocotours-com-no-kontakt-7\/#breadcrumb\",\"itemListElement\":[{\"@type\":\"ListItem\",\"position\":1,\"name\":\"In\u00edcio\",\"item\":\"https:\/\/sirocotours.com\/no\/\"},{\"@type\":\"ListItem\",\"position\":2,\"name\":\"Kontakt\"}]},{\"@type\":\"WebSite\",\"@id\":\"https:\/\/sirocotours.com\/#website\",\"url\":\"https:\/\/sirocotours.com\/\",\"name\":\"Siroco Tours | Tours e Pacotes para Marrocos\",\"description\":\"Siroco Tours | Tours e Excurs\u00f5es para Marrocos\",\"publisher\":{\"@id\":\"https:\/\/sirocotours.com\/#organization\"},\"potentialAction\":[{\"@type\":\"SearchAction\",\"target\":{\"@type\":\"EntryPoint\",\"urlTemplate\":\"https:\/\/sirocotours.com\/?s={search_term_string}\"},\"query-input\":{\"@type\":\"PropertyValueSpecification\",\"valueRequired\":true,\"valueName\":\"search_term_string\"}}],\"inLanguage\":\"nb-NO\"},{\"@type\":\"Organization\",\"@id\":\"https:\/\/sirocotours.com\/#organization\",\"name\":\"Siroco Tours | Tours e Pacotes para Marrocos\",\"url\":\"https:\/\/sirocotours.com\/\",\"logo\":{\"@type\":\"ImageObject\",\"inLanguage\":\"nb-NO\",\"@id\":\"https:\/\/sirocotours.com\/#\/schema\/logo\/image\/\",\"url\":\"https:\/\/sirocotours.com\/wp-content\/uploads\/2024\/05\/logotipo.png\",\"contentUrl\":\"https:\/\/sirocotours.com\/wp-content\/uploads\/2024\/05\/logotipo.png\",\"width\":1080,\"height\":393,\"caption\":\"Siroco Tours | Tours e Pacotes para Marrocos\"},\"image\":{\"@id\":\"https:\/\/sirocotours.com\/#\/schema\/logo\/image\/\"}}]}<\/script>\n<!-- \/ Yoast SEO Premium plugin. -->","yoast_head_json":{"title":"Kontakt -","robots":{"index":"index","follow":"follow","max-snippet":"max-snippet:-1","max-image-preview":"max-image-preview:large","max-video-preview":"max-video-preview:-1"},"canonical":"https:\/\/sirocotours.com\/no\/https-sirocotours-com-no-kontakt-7\/","og_locale":"nb_NO","og_type":"article","og_title":"Kontakt","og_description":"[vc_row css=&raquo;.vc_custom_1724772636220{padding-top: 3em !important;}&raquo; conditional_render=&raquo;%5B%7B%22value_role%22%3A%22administrator%22%7D%5D&raquo;][vc_column][vc_custom_heading text=&raquo;Vi st\u00e5r klare til \u00e5 hjelpe deg med \u00e5 skreddersy reiseruten din.&raquo; font_container=&raquo;tag:h3|text_align:center&raquo; use_theme_fonts=&raquo;yes&raquo;][\/vc_column][\/vc_row][vc_row wrap_container=&raquo;yes&raquo; no_padding=&raquo;yes&raquo; css=&raquo;.vc_custom_1727459155759{border-bottom-width: 0px !important;padding-top: 25px !important;padding-bottom: 73px !important;border-bottom-color: #ece8dc !important;border-bottom-style: solid !important;}&raquo; el_class=&raquo;flex-wrap&raquo; el_id=&raquo;formulario&raquo; conditional_render=&raquo;%5B%7B%22value_role%22%3A%22administrator%22%7D%5D&raquo;][vc_column width=&raquo;1\/3&#8243; conditional_render=&raquo;%5B%7B%22value_role%22%3A%22administrator%22%7D%5D&raquo; css=&raquo;.vc_custom_1727459553356{margin-left: 50px !important;padding-top: 56px !important;}&raquo;][vc_separator color=&raquo;custom&raquo; style=&raquo;solid&raquo; css=&raquo;.vc_custom_1727458739117{margin-top: 5px !important;margin-bottom: 5px !important;}&raquo;][vc_separator color=&raquo;custom&raquo; style=&raquo;solid&raquo; css=&raquo;.vc_custom_1727458739117{margin-top: 5px !important;margin-bottom: 5px [&hellip;]","og_url":"https:\/\/sirocotours.com\/no\/https-sirocotours-com-no-kontakt-7\/","og_site_name":"Siroco Tours | Tours e Pacotes para Marrocos","article_modified_time":"2026-03-27T10:38:02+00:00","twitter_card":"summary_large_image","twitter_misc":{"Ansl. lesetid":"3 minutter"},"schema":{"@context":"https:\/\/schema.org","@graph":[{"@type":"WebPage","@id":"https:\/\/sirocotours.com\/no\/https-sirocotours-com-no-kontakt-7\/","url":"https:\/\/sirocotours.com\/no\/https-sirocotours-com-no-kontakt-7\/","name":"Kontakt -","isPartOf":{"@id":"https:\/\/sirocotours.com\/#website"},"datePublished":"2024-06-14T14:49:41+00:00","dateModified":"2026-03-27T10:38:02+00:00","breadcrumb":{"@id":"https:\/\/sirocotours.com\/no\/https-sirocotours-com-no-kontakt-7\/#breadcrumb"},"inLanguage":"nb-NO","potentialAction":[{"@type":"ReadAction","target":["https:\/\/sirocotours.com\/no\/https-sirocotours-com-no-kontakt-7\/"]}]},{"@type":"BreadcrumbList","@id":"https:\/\/sirocotours.com\/no\/https-sirocotours-com-no-kontakt-7\/#breadcrumb","itemListElement":[{"@type":"ListItem","position":1,"name":"In\u00edcio","item":"https:\/\/sirocotours.com\/no\/"},{"@type":"ListItem","position":2,"name":"Kontakt"}]},{"@type":"WebSite","@id":"https:\/\/sirocotours.com\/#website","url":"https:\/\/sirocotours.com\/","name":"Siroco Tours | Tours e Pacotes para Marrocos","description":"Siroco Tours | Tours e Excurs\u00f5es para Marrocos","publisher":{"@id":"https:\/\/sirocotours.com\/#organization"},"potentialAction":[{"@type":"SearchAction","target":{"@type":"EntryPoint","urlTemplate":"https:\/\/sirocotours.com\/?s={search_term_string}"},"query-input":{"@type":"PropertyValueSpecification","valueRequired":true,"valueName":"search_term_string"}}],"inLanguage":"nb-NO"},{"@type":"Organization","@id":"https:\/\/sirocotours.com\/#organization","name":"Siroco Tours | Tours e Pacotes para Marrocos","url":"https:\/\/sirocotours.com\/","logo":{"@type":"ImageObject","inLanguage":"nb-NO","@id":"https:\/\/sirocotours.com\/#\/schema\/logo\/image\/","url":"https:\/\/sirocotours.com\/wp-content\/uploads\/2024\/05\/logotipo.png","contentUrl":"https:\/\/sirocotours.com\/wp-content\/uploads\/2024\/05\/logotipo.png","width":1080,"height":393,"caption":"Siroco Tours | Tours e Pacotes para Marrocos"},"image":{"@id":"https:\/\/sirocotours.com\/#\/schema\/logo\/image\/"}}]}},"_links":{"self":[{"href":"https:\/\/sirocotours.com\/no\/wp-json\/wp\/v2\/pages\/30911","targetHints":{"allow":["GET"]}}],"collection":[{"href":"https:\/\/sirocotours.com\/no\/wp-json\/wp\/v2\/pages"}],"about":[{"href":"https:\/\/sirocotours.com\/no\/wp-json\/wp\/v2\/types\/page"}],"author":[{"embeddable":true,"href":"https:\/\/sirocotours.com\/no\/wp-json\/wp\/v2\/users\/4"}],"replies":[{"embeddable":true,"href":"https:\/\/sirocotours.com\/no\/wp-json\/wp\/v2\/comments?post=30911"}],"version-history":[{"count":3,"href":"https:\/\/sirocotours.com\/no\/wp-json\/wp\/v2\/pages\/30911\/revisions"}],"predecessor-version":[{"id":30993,"href":"https:\/\/sirocotours.com\/no\/wp-json\/wp\/v2\/pages\/30911\/revisions\/30993"}],"wp:attachment":[{"href":"https:\/\/sirocotours.com\/no\/wp-json\/wp\/v2\/media?parent=30911"}],"curies":[{"name":"wp","href":"https:\/\/api.w.org\/{rel}","templated":true}]}}